{"id":2562,"date":"2020-03-30T13:32:02","date_gmt":"2020-03-30T11:32:02","guid":{"rendered":"https:\/\/talenti.hr\/?post_type=product&#038;p=2562"},"modified":"2020-05-02T12:22:37","modified_gmt":"2020-05-02T10:22:37","slug":"loptica-na-gumici-3","status":"publish","type":"product","link":"https:\/\/talenti.hr\/?product=loptica-na-gumici-3","title":{"rendered":"Loptice na gumici"},"content":{"rendered":"<div id=\"product_description\">\n<p>Upozorenje: Artikal nije za djecu do 3 godine starosti.Maleni dijelovi su opasni,jer ih djeca lako udahnu ili progutaju \u0161to mo\u017ee dovesti do gu\u0161enja.Prije nego ga dijete upotrebi treba odstraniti ambala\u017eu!<\/p>\n<\/div>\n","protected":false},"excerpt":{"rendered":"<ul>\n<li>Cijena je za 1 komad !!<\/li>\n<li>Du\u017eina gumice: 130 cm<\/li>\n<p> &#8230; <\/p>\n","protected":false},"featured_media":3399,"comment_status":"open","ping_status":"closed","template":"","meta":[],"product_brand":[],"product_cat":[178,183,155,180,168,149],"product_tag":[416,195],"class_list":{"0":"post-2562","1":"product","2":"type-product","3":"status-publish","4":"has-post-thumbnail","6":"product_cat-igre-na-otvorenom","7":"product_cat-igre-spretnosti","8":"product_cat-poivrtnja-i-swinging","9":"product_cat-razno","10":"product_cat-sport","11":"product_cat-zongliranje","12":"product_tag-gumica","13":"product_tag-loptice","15":"first","16":"instock","17":"taxable","18":"shipping-taxable","19":"purchasable","20":"product-type-simple"},"_links":{"self":[{"href":"https:\/\/talenti.hr\/index.php?rest_route=\/wp\/v2\/product\/2562","targetHints":{"allow":["GET"]}}],"collection":[{"href":"https:\/\/talenti.hr\/index.php?rest_route=\/wp\/v2\/product"}],"about":[{"href":"https:\/\/talenti.hr\/index.php?rest_route=\/wp\/v2\/types\/product"}],"replies":[{"embeddable":true,"href":"https:\/\/talenti.hr\/index.php?rest_route=%2Fwp%2Fv2%2Fcomments&post=2562"}],"wp:featuredmedia":[{"embeddable":true,"href":"https:\/\/talenti.hr\/index.php?rest_route=\/wp\/v2\/media\/3399"}],"wp:attachment":[{"href":"https:\/\/talenti.hr\/index.php?rest_route=%2Fwp%2Fv2%2Fmedia&parent=2562"}],"wp:term":[{"taxonomy":"product_brand","embeddable":true,"href":"https:\/\/talenti.hr\/index.php?rest_route=%2Fwp%2Fv2%2Fproduct_brand&post=2562"},{"taxonomy":"product_cat","embeddable":true,"href":"https:\/\/talenti.hr\/index.php?rest_route=%2Fwp%2Fv2%2Fproduct_cat&post=2562"},{"taxonomy":"product_tag","embeddable":true,"href":"https:\/\/talenti.hr\/index.php?rest_route=%2Fwp%2Fv2%2Fproduct_tag&post=2562"}],"curies":[{"name":"wp","href":"https:\/\/api.w.org\/{rel}","templated":true}]}}