{"id":2565,"date":"2020-03-30T13:34:03","date_gmt":"2020-03-30T11:34:03","guid":{"rendered":"https:\/\/talenti.hr\/?post_type=product&#038;p=2565"},"modified":"2020-05-02T12:21:30","modified_gmt":"2020-05-02T10:21:30","slug":"gimnasticka-traka-sa-palicom","status":"publish","type":"product","link":"https:\/\/talenti.hr\/?product=gimnasticka-traka-sa-palicom","title":{"rendered":"Gimnasti\u010dke trake sa palicom"},"content":{"rendered":"<div id=\"product_description\">\n<p>Du\u017eina \u0161arene trake je 200 cm,a palice 40 cm.<\/p>\n<p>Pozor: Artikal nije za djecu do 3 godine starosti.Maleni dijelovi su opasni,jer ih djeca lako udahnu ili progutaju \u0161to mo\u017ee dovesti do gu\u0161enja.Prije nego ga dijete upotrebi treba odstraniti ambala\u017eu!<\/p>\n<\/div>\n","protected":false},"excerpt":{"rendered":"<ul>\n<li>Cijena je za 1 komad!!<\/li>\n<li>Rok isporuke: 7 do 10 &#8230;<br \/>\n","protected":false},"featured_media":3143,"comment_status":"open","ping_status":"closed","template":"","meta":[],"product_brand":[],"product_cat":[178,183,155,149],"product_tag":[291,292],"class_list":{"0":"post-2565","1":"product","2":"type-product","3":"status-publish","4":"has-post-thumbnail","6":"product_cat-igre-na-otvorenom","7":"product_cat-igre-spretnosti","8":"product_cat-poivrtnja-i-swinging","9":"product_cat-zongliranje","10":"product_tag-gimnasticke","11":"product_tag-trake","13":"first","14":"instock","15":"taxable","16":"shipping-taxable","17":"purchasable","18":"product-type-simple"},"_links":{"self":[{"href":"https:\/\/talenti.hr\/index.php?rest_route=\/wp\/v2\/product\/2565","targetHints":{"allow":["GET"]}}],"collection":[{"href":"https:\/\/talenti.hr\/index.php?rest_route=\/wp\/v2\/product"}],"about":[{"href":"https:\/\/talenti.hr\/index.php?rest_route=\/wp\/v2\/types\/product"}],"replies":[{"embeddable":true,"href":"https:\/\/talenti.hr\/index.php?rest_route=%2Fwp%2Fv2%2Fcomments&post=2565"}],"wp:featuredmedia":[{"embeddable":true,"href":"https:\/\/talenti.hr\/index.php?rest_route=\/wp\/v2\/media\/3143"}],"wp:attachment":[{"href":"https:\/\/talenti.hr\/index.php?rest_route=%2Fwp%2Fv2%2Fmedia&parent=2565"}],"wp:term":[{"taxonomy":"product_brand","embeddable":true,"href":"https:\/\/talenti.hr\/index.php?rest_route=%2Fwp%2Fv2%2Fproduct_brand&post=2565"},{"taxonomy":"product_cat","embeddable":true,"href":"https:\/\/talenti.hr\/index.php?rest_route=%2Fwp%2Fv2%2Fproduct_cat&post=2565"},{"taxonomy":"product_tag","embeddable":true,"href":"https:\/\/talenti.hr\/index.php?rest_route=%2Fwp%2Fv2%2Fproduct_tag&post=2565"}],"curies":[{"name":"wp","href":"https:\/\/api.w.org\/{rel}","templated":true}]}}