{"id":2573,"date":"2020-03-30T13:40:04","date_gmt":"2020-03-30T11:40:04","guid":{"rendered":"https:\/\/talenti.hr\/?post_type=product&#038;p=2573"},"modified":"2020-04-23T15:17:54","modified_gmt":"2020-04-23T13:17:54","slug":"poi-contact","status":"publish","type":"product","link":"https:\/\/talenti.hr\/?product=poi-contact","title":{"rendered":"Poi Contact"},"content":{"rendered":"<div id=\"product_description\">\n<p>Poi Contact je idealan rekvizit s kojim \u0107ete dose\u0107i nevjerovatne rezultate kod trikova &#8221; body rolling &#8221; i &#8221; isolations &#8220;.<\/p>\n<p>Kugla promjera 80 mm te\u017ei 150 g i ima kao protute\u017eu donji dio \u010dunja PX3.S njim se lako izvodi i bacanje.<\/p>\n<p>Uzica promjera 6 mm je duga 50 cm,a po\u00a0\u017eelji se mo\u017ee i skratiti.<\/p>\n<p>&nbsp;<\/p>\n<\/div>\n","protected":false},"excerpt":{"rendered":"<ul>\n<li>Cijena je za 1 par!!<\/li>\n<li>Boje: bijela,crvena,\u017euta,zelena,naran\u010dasta<\/li>\n<li>Rok isporuke: 5 &#8230;<br \/>\n","protected":false},"featured_media":2575,"comment_status":"open","ping_status":"closed","template":"","meta":[],"product_brand":[],"product_cat":[155,149],"product_tag":[283,293],"class_list":{"0":"post-2573","1":"product","2":"type-product","3":"status-publish","4":"has-post-thumbnail","6":"product_cat-poivrtnja-i-swinging","7":"product_cat-zongliranje","8":"product_tag-contact","9":"product_tag-poi","11":"first","12":"instock","13":"taxable","14":"shipping-taxable","15":"purchasable","16":"product-type-simple"},"_links":{"self":[{"href":"https:\/\/talenti.hr\/index.php?rest_route=\/wp\/v2\/product\/2573","targetHints":{"allow":["GET"]}}],"collection":[{"href":"https:\/\/talenti.hr\/index.php?rest_route=\/wp\/v2\/product"}],"about":[{"href":"https:\/\/talenti.hr\/index.php?rest_route=\/wp\/v2\/types\/product"}],"replies":[{"embeddable":true,"href":"https:\/\/talenti.hr\/index.php?rest_route=%2Fwp%2Fv2%2Fcomments&post=2573"}],"wp:featuredmedia":[{"embeddable":true,"href":"https:\/\/talenti.hr\/index.php?rest_route=\/wp\/v2\/media\/2575"}],"wp:attachment":[{"href":"https:\/\/talenti.hr\/index.php?rest_route=%2Fwp%2Fv2%2Fmedia&parent=2573"}],"wp:term":[{"taxonomy":"product_brand","embeddable":true,"href":"https:\/\/talenti.hr\/index.php?rest_route=%2Fwp%2Fv2%2Fproduct_brand&post=2573"},{"taxonomy":"product_cat","embeddable":true,"href":"https:\/\/talenti.hr\/index.php?rest_route=%2Fwp%2Fv2%2Fproduct_cat&post=2573"},{"taxonomy":"product_tag","embeddable":true,"href":"https:\/\/talenti.hr\/index.php?rest_route=%2Fwp%2Fv2%2Fproduct_tag&post=2573"}],"curies":[{"name":"wp","href":"https:\/\/api.w.org\/{rel}","templated":true}]}}