{"id":2579,"date":"2020-03-30T13:43:03","date_gmt":"2020-03-30T11:43:03","guid":{"rendered":"https:\/\/talenti.hr\/?post_type=product&#038;p=2579"},"modified":"2020-08-27T10:56:24","modified_gmt":"2020-08-27T08:56:24","slug":"poi-kiwido-akrobat","status":"publish","type":"product","link":"https:\/\/talenti.hr\/?product=poi-kiwido-akrobat","title":{"rendered":"Poi Kiwido Akrobat"},"content":{"rendered":"<div id=\"product_description\">\n<p>Poi Kiwido Akrobat je novija ina\u010dica ve\u0107 poznatog\u00a0 Kiwido Classic. Razlikuje se po dr\u0161ci , koja je na novijoj verziji napravljena od ergonomi\u010dno oblikovane gume, koja omogu\u0107uje izvedbu dodatnih \u017eonglerskih\u00a0 trikova kao bacanje u zrak. Te\u017einu trupa i du\u017einu niti lako reguliramo.<\/p>\n<\/div>\n","protected":false},"excerpt":{"rendered":"<ul>\n<li>Cijena je za 1 par!!<\/li>\n<li>Du\u017eina trakice: 150 cm<\/li>\n<li>Rok &#8230;<br \/>\n","protected":false},"featured_media":2581,"comment_status":"open","ping_status":"closed","template":"","meta":[],"product_brand":[],"product_cat":[155,149],"product_tag":[298,297,293],"class_list":{"0":"post-2579","1":"product","2":"type-product","3":"status-publish","4":"has-post-thumbnail","6":"product_cat-poivrtnja-i-swinging","7":"product_cat-zongliranje","8":"product_tag-akrobat","9":"product_tag-kiwido","10":"product_tag-poi","12":"first","13":"instock","14":"taxable","15":"shipping-taxable","16":"purchasable","17":"product-type-simple"},"_links":{"self":[{"href":"https:\/\/talenti.hr\/index.php?rest_route=\/wp\/v2\/product\/2579","targetHints":{"allow":["GET"]}}],"collection":[{"href":"https:\/\/talenti.hr\/index.php?rest_route=\/wp\/v2\/product"}],"about":[{"href":"https:\/\/talenti.hr\/index.php?rest_route=\/wp\/v2\/types\/product"}],"replies":[{"embeddable":true,"href":"https:\/\/talenti.hr\/index.php?rest_route=%2Fwp%2Fv2%2Fcomments&post=2579"}],"wp:featuredmedia":[{"embeddable":true,"href":"https:\/\/talenti.hr\/index.php?rest_route=\/wp\/v2\/media\/2581"}],"wp:attachment":[{"href":"https:\/\/talenti.hr\/index.php?rest_route=%2Fwp%2Fv2%2Fmedia&parent=2579"}],"wp:term":[{"taxonomy":"product_brand","embeddable":true,"href":"https:\/\/talenti.hr\/index.php?rest_route=%2Fwp%2Fv2%2Fproduct_brand&post=2579"},{"taxonomy":"product_cat","embeddable":true,"href":"https:\/\/talenti.hr\/index.php?rest_route=%2Fwp%2Fv2%2Fproduct_cat&post=2579"},{"taxonomy":"product_tag","embeddable":true,"href":"https:\/\/talenti.hr\/index.php?rest_route=%2Fwp%2Fv2%2Fproduct_tag&post=2579"}],"curies":[{"name":"wp","href":"https:\/\/api.w.org\/{rel}","templated":true}]}}