{"id":2582,"date":"2020-03-30T13:44:17","date_gmt":"2020-03-30T11:44:17","guid":{"rendered":"https:\/\/talenti.hr\/?post_type=product&#038;p=2582"},"modified":"2020-04-23T15:02:34","modified_gmt":"2020-04-23T13:02:34","slug":"poi-kiwido-classic","status":"publish","type":"product","link":"https:\/\/talenti.hr\/?product=poi-kiwido-classic","title":{"rendered":"Poi Kiwido Classic"},"content":{"rendered":"<div id=\"product_description\">\n<p>Poi Kiwido Classic namijenjeni su u\u010denju swinginga prije rada s vatrom. Imaju izmjenjive trakice, \u0161to zna\u010di da za u\u010denje trakice lako skinemo. Odlikuje ih odli\u010dna kvaliteta i izdr\u017eljivost. To je najtra\u017eeniji Poi.<\/p>\n<p>&nbsp;<\/p>\n<\/div>\n","protected":false},"excerpt":{"rendered":"<ul>\n<li>Cijena je za 1 par!!<\/li>\n<li>Du\u017eina trakica: 150 cm<\/li>\n<li>Rok &#8230;<br \/>\n","protected":false},"featured_media":2584,"comment_status":"open","ping_status":"closed","template":"","meta":[],"product_brand":[],"product_cat":[155,149],"product_tag":[192,297,293],"class_list":{"0":"post-2582","1":"product","2":"type-product","3":"status-publish","4":"has-post-thumbnail","6":"product_cat-poivrtnja-i-swinging","7":"product_cat-zongliranje","8":"product_tag-classic","9":"product_tag-kiwido","10":"product_tag-poi","12":"first","13":"instock","14":"taxable","15":"shipping-taxable","16":"purchasable","17":"product-type-simple"},"_links":{"self":[{"href":"https:\/\/talenti.hr\/index.php?rest_route=\/wp\/v2\/product\/2582","targetHints":{"allow":["GET"]}}],"collection":[{"href":"https:\/\/talenti.hr\/index.php?rest_route=\/wp\/v2\/product"}],"about":[{"href":"https:\/\/talenti.hr\/index.php?rest_route=\/wp\/v2\/types\/product"}],"replies":[{"embeddable":true,"href":"https:\/\/talenti.hr\/index.php?rest_route=%2Fwp%2Fv2%2Fcomments&post=2582"}],"wp:featuredmedia":[{"embeddable":true,"href":"https:\/\/talenti.hr\/index.php?rest_route=\/wp\/v2\/media\/2584"}],"wp:attachment":[{"href":"https:\/\/talenti.hr\/index.php?rest_route=%2Fwp%2Fv2%2Fmedia&parent=2582"}],"wp:term":[{"taxonomy":"product_brand","embeddable":true,"href":"https:\/\/talenti.hr\/index.php?rest_route=%2Fwp%2Fv2%2Fproduct_brand&post=2582"},{"taxonomy":"product_cat","embeddable":true,"href":"https:\/\/talenti.hr\/index.php?rest_route=%2Fwp%2Fv2%2Fproduct_cat&post=2582"},{"taxonomy":"product_tag","embeddable":true,"href":"https:\/\/talenti.hr\/index.php?rest_route=%2Fwp%2Fv2%2Fproduct_tag&post=2582"}],"curies":[{"name":"wp","href":"https:\/\/api.w.org\/{rel}","templated":true}]}}