{"id":2597,"date":"2020-03-30T14:16:06","date_gmt":"2020-03-30T12:16:06","guid":{"rendered":"https:\/\/talenti.hr\/?post_type=product&#038;p=2597"},"modified":"2020-04-23T15:54:28","modified_gmt":"2020-04-23T13:54:28","slug":"kolutovi-za-zongliranje-junior","status":"publish","type":"product","link":"https:\/\/talenti.hr\/?product=kolutovi-za-zongliranje-junior","title":{"rendered":"Kolutovi za \u017eongliranje Junior"},"content":{"rendered":"<div id=\"product_description\">\n<p>Kolutovi za \u017eongliranje Junior primjereni su za mla\u0111e \u017eonglere.<\/p>\n<p>&nbsp;<\/p>\n<\/div>\n","protected":false},"excerpt":{"rendered":"<ul>\n<li>Promjer: 25 cm<\/li>\n<li>Te\u017eina: 65 g<\/li>\n<li>Boje: bijela,\u017euta,crvena,roza,tirkizna,zelenaa,plava<\/li>\n<li>Proizvo\u0111a\u010d:Play<\/li>\n<\/ul>\n<p> &#8230; <\/p>\n","protected":false},"featured_media":2599,"comment_status":"open","ping_status":"closed","template":"","meta":[],"product_brand":[],"product_cat":[156,149],"product_tag":[191,303,237],"class_list":{"0":"post-2597","1":"product","2":"type-product","3":"status-publish","4":"has-post-thumbnail","6":"product_cat-razni-zonglerski-rekviziti","7":"product_cat-zongliranje","8":"product_tag-junior","9":"product_tag-kolutovi","10":"product_tag-zongliranje","12":"first","13":"instock","14":"taxable","15":"shipping-taxable","16":"purchasable","17":"product-type-simple"},"_links":{"self":[{"href":"https:\/\/talenti.hr\/index.php?rest_route=\/wp\/v2\/product\/2597","targetHints":{"allow":["GET"]}}],"collection":[{"href":"https:\/\/talenti.hr\/index.php?rest_route=\/wp\/v2\/product"}],"about":[{"href":"https:\/\/talenti.hr\/index.php?rest_route=\/wp\/v2\/types\/product"}],"replies":[{"embeddable":true,"href":"https:\/\/talenti.hr\/index.php?rest_route=%2Fwp%2Fv2%2Fcomments&post=2597"}],"wp:featuredmedia":[{"embeddable":true,"href":"https:\/\/talenti.hr\/index.php?rest_route=\/wp\/v2\/media\/2599"}],"wp:attachment":[{"href":"https:\/\/talenti.hr\/index.php?rest_route=%2Fwp%2Fv2%2Fmedia&parent=2597"}],"wp:term":[{"taxonomy":"product_brand","embeddable":true,"href":"https:\/\/talenti.hr\/index.php?rest_route=%2Fwp%2Fv2%2Fproduct_brand&post=2597"},{"taxonomy":"product_cat","embeddable":true,"href":"https:\/\/talenti.hr\/index.php?rest_route=%2Fwp%2Fv2%2Fproduct_cat&post=2597"},{"taxonomy":"product_tag","embeddable":true,"href":"https:\/\/talenti.hr\/index.php?rest_route=%2Fwp%2Fv2%2Fproduct_tag&post=2597"}],"curies":[{"name":"wp","href":"https:\/\/api.w.org\/{rel}","templated":true}]}}