{"id":2603,"date":"2020-03-30T14:20:03","date_gmt":"2020-03-30T12:20:03","guid":{"rendered":"https:\/\/talenti.hr\/?post_type=product&#038;p=2603"},"modified":"2020-03-30T14:20:03","modified_gmt":"2020-03-30T12:20:03","slug":"levi-stick","status":"publish","type":"product","link":"https:\/\/talenti.hr\/?product=levi-stick","title":{"rendered":"Levi Stick"},"content":{"rendered":"<p>S\u00a0Levi Stickom\u00a0mo\u017eete stvoriti pravu iluziju. Levi Stick je\u00a0usporena palica, koja je\u00a0na va\u0161u ruku pri\u010dvr\u0161\u0107ena sa skoro nevidljivom niti. Na taj na\u010din\u00a0spretnim gibanjem ruku stvaramo iluziju lebdenja palice.<\/p>\n","protected":false},"excerpt":{"rendered":"<ul>\n<li>Dostupnost:2 &#8211; 3 dana<\/li>\n<li>Model:LS<\/li>\n<li>Proizvo\u0111a\u010d:Juggle Dream<\/li>\n<\/ul>\n<p> &#8230; <\/p>\n","protected":false},"featured_media":2605,"comment_status":"open","ping_status":"closed","template":"","meta":[],"product_brand":[],"product_cat":[156,149],"product_tag":[],"class_list":{"0":"post-2603","1":"product","2":"type-product","3":"status-publish","4":"has-post-thumbnail","6":"product_cat-razni-zonglerski-rekviziti","7":"product_cat-zongliranje","9":"first","10":"instock","11":"taxable","12":"shipping-taxable","13":"purchasable","14":"product-type-simple"},"_links":{"self":[{"href":"https:\/\/talenti.hr\/index.php?rest_route=\/wp\/v2\/product\/2603","targetHints":{"allow":["GET"]}}],"collection":[{"href":"https:\/\/talenti.hr\/index.php?rest_route=\/wp\/v2\/product"}],"about":[{"href":"https:\/\/talenti.hr\/index.php?rest_route=\/wp\/v2\/types\/product"}],"replies":[{"embeddable":true,"href":"https:\/\/talenti.hr\/index.php?rest_route=%2Fwp%2Fv2%2Fcomments&post=2603"}],"wp:featuredmedia":[{"embeddable":true,"href":"https:\/\/talenti.hr\/index.php?rest_route=\/wp\/v2\/media\/2605"}],"wp:attachment":[{"href":"https:\/\/talenti.hr\/index.php?rest_route=%2Fwp%2Fv2%2Fmedia&parent=2603"}],"wp:term":[{"taxonomy":"product_brand","embeddable":true,"href":"https:\/\/talenti.hr\/index.php?rest_route=%2Fwp%2Fv2%2Fproduct_brand&post=2603"},{"taxonomy":"product_cat","embeddable":true,"href":"https:\/\/talenti.hr\/index.php?rest_route=%2Fwp%2Fv2%2Fproduct_cat&post=2603"},{"taxonomy":"product_tag","embeddable":true,"href":"https:\/\/talenti.hr\/index.php?rest_route=%2Fwp%2Fv2%2Fproduct_tag&post=2603"}],"curies":[{"name":"wp","href":"https:\/\/api.w.org\/{rel}","templated":true}]}}