{"id":2609,"date":"2020-03-30T14:23:54","date_gmt":"2020-03-30T12:23:54","guid":{"rendered":"https:\/\/talenti.hr\/?post_type=product&#038;p=2609"},"modified":"2020-03-30T14:23:55","modified_gmt":"2020-03-30T12:23:55","slug":"cigarbox-neon-henrys","status":"publish","type":"product","link":"https:\/\/talenti.hr\/?product=cigarbox-neon-henrys","title":{"rendered":"Cigarbox Neon Henrys"},"content":{"rendered":"<div id=\"product_description\">\n<p><strong>Dimenzije: 120 x 60 x 180 mm<\/strong><\/p>\n<p><strong>Te\u017eina: 220 g<\/strong><\/p>\n<p><strong>Navedena\u00a0cijena je za 1 komad!<\/strong><\/p>\n<p>Cigarbox Neon Henrys su izuzetno atraktivne kutije u raznim nijansama boja.Omogu\u0107uje atraktivne trikove. Vanjski dio je prevu\u010den bar\u0161unom pa omogu\u0107uje odli\u010dno prianjanje.Sve boje su atraktivno fluorescentne.<\/p>\n<\/div>\n","protected":false},"excerpt":{"rendered":"<ul>\n<li>Dostupnost:2 &#8211; 3 dana<\/li>\n<li>Model:P111<\/li>\n<li>Proizvo\u0111a\u010d:Henyrs<\/li>\n<\/ul>\n<p> &#8230; <\/p>\n","protected":false},"featured_media":2611,"comment_status":"open","ping_status":"closed","template":"","meta":[],"product_brand":[],"product_cat":[156,149],"product_tag":[],"class_list":{"0":"post-2609","1":"product","2":"type-product","3":"status-publish","4":"has-post-thumbnail","6":"product_cat-razni-zonglerski-rekviziti","7":"product_cat-zongliranje","9":"first","10":"instock","11":"taxable","12":"shipping-taxable","13":"purchasable","14":"product-type-simple"},"_links":{"self":[{"href":"https:\/\/talenti.hr\/index.php?rest_route=\/wp\/v2\/product\/2609","targetHints":{"allow":["GET"]}}],"collection":[{"href":"https:\/\/talenti.hr\/index.php?rest_route=\/wp\/v2\/product"}],"about":[{"href":"https:\/\/talenti.hr\/index.php?rest_route=\/wp\/v2\/types\/product"}],"replies":[{"embeddable":true,"href":"https:\/\/talenti.hr\/index.php?rest_route=%2Fwp%2Fv2%2Fcomments&post=2609"}],"wp:featuredmedia":[{"embeddable":true,"href":"https:\/\/talenti.hr\/index.php?rest_route=\/wp\/v2\/media\/2611"}],"wp:attachment":[{"href":"https:\/\/talenti.hr\/index.php?rest_route=%2Fwp%2Fv2%2Fmedia&parent=2609"}],"wp:term":[{"taxonomy":"product_brand","embeddable":true,"href":"https:\/\/talenti.hr\/index.php?rest_route=%2Fwp%2Fv2%2Fproduct_brand&post=2609"},{"taxonomy":"product_cat","embeddable":true,"href":"https:\/\/talenti.hr\/index.php?rest_route=%2Fwp%2Fv2%2Fproduct_cat&post=2609"},{"taxonomy":"product_tag","embeddable":true,"href":"https:\/\/talenti.hr\/index.php?rest_route=%2Fwp%2Fv2%2Fproduct_tag&post=2609"}],"curies":[{"name":"wp","href":"https:\/\/api.w.org\/{rel}","templated":true}]}}