{"id":2612,"date":"2020-03-30T14:25:27","date_gmt":"2020-03-30T12:25:27","guid":{"rendered":"https:\/\/talenti.hr\/?post_type=product&#038;p=2612"},"modified":"2020-07-15T15:39:24","modified_gmt":"2020-07-15T13:39:24","slug":"nos-klauna","status":"publish","type":"product","link":"https:\/\/talenti.hr\/?product=nos-klauna","title":{"rendered":"Nos klauna"},"content":{"rendered":"<div id=\"product_description\">\n<p>Na raspolaganju imamo dva razli\u010dita modela noseva. Plasti\u010dni model je napravljen tako da se samo natakne na nos, nema nikakve elasti\u010dnosti koja bi ga dr\u017eala na nosu.Drugi model je gumeni a na nosu ga dr\u017ei elasti\u010dna traka.<\/p>\n<\/div>\n","protected":false},"excerpt":{"rendered":"<ul>\n<li>Dostupnost:2 &#8211; 3 dana<\/li>\n<li>Model:P118<\/li>\n<li>Proizvo\u0111a\u010d:Play<\/li>\n<\/ul>\n<p> &#8230; <\/p>\n","protected":false},"featured_media":2614,"comment_status":"open","ping_status":"closed","template":"","meta":[],"product_brand":[],"product_cat":[156,149],"product_tag":[740,739],"class_list":{"0":"post-2612","1":"product","2":"type-product","3":"status-publish","4":"has-post-thumbnail","6":"product_cat-razni-zonglerski-rekviziti","7":"product_cat-zongliranje","8":"product_tag-klaun","9":"product_tag-nos","11":"first","12":"instock","13":"taxable","14":"shipping-taxable","15":"purchasable","16":"product-type-simple"},"_links":{"self":[{"href":"https:\/\/talenti.hr\/index.php?rest_route=\/wp\/v2\/product\/2612","targetHints":{"allow":["GET"]}}],"collection":[{"href":"https:\/\/talenti.hr\/index.php?rest_route=\/wp\/v2\/product"}],"about":[{"href":"https:\/\/talenti.hr\/index.php?rest_route=\/wp\/v2\/types\/product"}],"replies":[{"embeddable":true,"href":"https:\/\/talenti.hr\/index.php?rest_route=%2Fwp%2Fv2%2Fcomments&post=2612"}],"wp:featuredmedia":[{"embeddable":true,"href":"https:\/\/talenti.hr\/index.php?rest_route=\/wp\/v2\/media\/2614"}],"wp:attachment":[{"href":"https:\/\/talenti.hr\/index.php?rest_route=%2Fwp%2Fv2%2Fmedia&parent=2612"}],"wp:term":[{"taxonomy":"product_brand","embeddable":true,"href":"https:\/\/talenti.hr\/index.php?rest_route=%2Fwp%2Fv2%2Fproduct_brand&post=2612"},{"taxonomy":"product_cat","embeddable":true,"href":"https:\/\/talenti.hr\/index.php?rest_route=%2Fwp%2Fv2%2Fproduct_cat&post=2612"},{"taxonomy":"product_tag","embeddable":true,"href":"https:\/\/talenti.hr\/index.php?rest_route=%2Fwp%2Fv2%2Fproduct_tag&post=2612"}],"curies":[{"name":"wp","href":"https:\/\/api.w.org\/{rel}","templated":true}]}}