{"id":2618,"date":"2020-03-30T14:28:23","date_gmt":"2020-03-30T12:28:23","guid":{"rendered":"https:\/\/talenti.hr\/?post_type=product&#038;p=2618"},"modified":"2020-03-30T14:28:23","modified_gmt":"2020-03-30T12:28:23","slug":"sesir-za-zongliranje","status":"publish","type":"product","link":"https:\/\/talenti.hr\/?product=sesir-za-zongliranje","title":{"rendered":"\u0160e\u0161ir za \u017eongliranje"},"content":{"rendered":"<p><strong>\u0160e\u0161ir za \u017eongliranje<\/strong><\/p>\n<p><strong>Te\u017eina: 310 g<\/strong><\/p>\n<p>Izra\u0111en i ote\u017ean namjenski za \u017eongliranje i manipuliranje,troslojan je i potpuno simetri\u010dan,ukratko \u0161e\u0161ir koji vam omogu\u0107uje bacanje,okrete i spinove.Dostupan je u 4 razli\u010dite boje i 3 razli\u010dite veli\u010dine.<\/p>\n","protected":false},"excerpt":{"rendered":"<ul>\n<li>Dostupnost:2 &#8211; 3 dana<\/li>\n<li>Model:\u0160Z\u017d<\/li>\n<li>Proizvo\u0111a\u010d:Juggle Dream<\/li>\n<\/ul>\n<p> &#8230; <\/p>\n","protected":false},"featured_media":2620,"comment_status":"open","ping_status":"closed","template":"","meta":[],"product_brand":[],"product_cat":[156,149],"product_tag":[],"class_list":{"0":"post-2618","1":"product","2":"type-product","3":"status-publish","4":"has-post-thumbnail","6":"product_cat-razni-zonglerski-rekviziti","7":"product_cat-zongliranje","9":"first","10":"instock","11":"taxable","12":"shipping-taxable","13":"purchasable","14":"product-type-simple"},"_links":{"self":[{"href":"https:\/\/talenti.hr\/index.php?rest_route=\/wp\/v2\/product\/2618","targetHints":{"allow":["GET"]}}],"collection":[{"href":"https:\/\/talenti.hr\/index.php?rest_route=\/wp\/v2\/product"}],"about":[{"href":"https:\/\/talenti.hr\/index.php?rest_route=\/wp\/v2\/types\/product"}],"replies":[{"embeddable":true,"href":"https:\/\/talenti.hr\/index.php?rest_route=%2Fwp%2Fv2%2Fcomments&post=2618"}],"wp:featuredmedia":[{"embeddable":true,"href":"https:\/\/talenti.hr\/index.php?rest_route=\/wp\/v2\/media\/2620"}],"wp:attachment":[{"href":"https:\/\/talenti.hr\/index.php?rest_route=%2Fwp%2Fv2%2Fmedia&parent=2618"}],"wp:term":[{"taxonomy":"product_brand","embeddable":true,"href":"https:\/\/talenti.hr\/index.php?rest_route=%2Fwp%2Fv2%2Fproduct_brand&post=2618"},{"taxonomy":"product_cat","embeddable":true,"href":"https:\/\/talenti.hr\/index.php?rest_route=%2Fwp%2Fv2%2Fproduct_cat&post=2618"},{"taxonomy":"product_tag","embeddable":true,"href":"https:\/\/talenti.hr\/index.php?rest_route=%2Fwp%2Fv2%2Fproduct_tag&post=2618"}],"curies":[{"name":"wp","href":"https:\/\/api.w.org\/{rel}","templated":true}]}}