{"id":2624,"date":"2020-03-30T14:33:49","date_gmt":"2020-03-30T12:33:49","guid":{"rendered":"https:\/\/talenti.hr\/?post_type=product&#038;p=2624"},"modified":"2020-04-25T12:39:34","modified_gmt":"2020-04-25T10:39:34","slug":"kevlarska-nit-kolut-30m","status":"publish","type":"product","link":"https:\/\/talenti.hr\/?product=kevlarska-nit-kolut-30m","title":{"rendered":"Kevlar nit &#8211; kolut 30m"},"content":{"rendered":"<p>Kevlarska nit &#8211; kolut od 30 m je negore\u0107a kevlarska nit koja se upotrebljava za gore\u0107i diabolo, neki je namjeste i na vatreni \u0161tap za gutanje i izbacivanje vatre za lak\u0161e gutanje kao i za razne druge inventivne kevlarske konstrukcije.<\/p>\n","protected":false},"excerpt":{"rendered":"<ul>\n<li>Du\u017eina: 30 m<\/li>\n<li>Rok isporuke: 5-7 dana<\/li>\n<li>Proizvo\u0111a\u010d:Play<\/li>\n<\/ul>\n<p> &#8230; <\/p>\n","protected":false},"featured_media":2626,"comment_status":"open","ping_status":"closed","template":"","meta":[],"product_brand":[],"product_cat":[157,149],"product_tag":[309,250],"class_list":{"0":"post-2624","1":"product","2":"type-product","3":"status-publish","4":"has-post-thumbnail","6":"product_cat-vatreni-rekviziti","7":"product_cat-zongliranje","8":"product_tag-kevlar","9":"product_tag-nit","11":"first","12":"instock","13":"taxable","14":"shipping-taxable","15":"purchasable","16":"product-type-simple"},"_links":{"self":[{"href":"https:\/\/talenti.hr\/index.php?rest_route=\/wp\/v2\/product\/2624","targetHints":{"allow":["GET"]}}],"collection":[{"href":"https:\/\/talenti.hr\/index.php?rest_route=\/wp\/v2\/product"}],"about":[{"href":"https:\/\/talenti.hr\/index.php?rest_route=\/wp\/v2\/types\/product"}],"replies":[{"embeddable":true,"href":"https:\/\/talenti.hr\/index.php?rest_route=%2Fwp%2Fv2%2Fcomments&post=2624"}],"wp:featuredmedia":[{"embeddable":true,"href":"https:\/\/talenti.hr\/index.php?rest_route=\/wp\/v2\/media\/2626"}],"wp:attachment":[{"href":"https:\/\/talenti.hr\/index.php?rest_route=%2Fwp%2Fv2%2Fmedia&parent=2624"}],"wp:term":[{"taxonomy":"product_brand","embeddable":true,"href":"https:\/\/talenti.hr\/index.php?rest_route=%2Fwp%2Fv2%2Fproduct_brand&post=2624"},{"taxonomy":"product_cat","embeddable":true,"href":"https:\/\/talenti.hr\/index.php?rest_route=%2Fwp%2Fv2%2Fproduct_cat&post=2624"},{"taxonomy":"product_tag","embeddable":true,"href":"https:\/\/talenti.hr\/index.php?rest_route=%2Fwp%2Fv2%2Fproduct_tag&post=2624"}],"curies":[{"name":"wp","href":"https:\/\/api.w.org\/{rel}","templated":true}]}}