{"id":2627,"date":"2020-03-30T14:35:49","date_gmt":"2020-03-30T12:35:49","guid":{"rendered":"https:\/\/talenti.hr\/?post_type=product&#038;p=2627"},"modified":"2020-04-25T13:16:50","modified_gmt":"2020-04-25T11:16:50","slug":"kevlar-traka-visoke-gustoce-od-50-mm","status":"publish","type":"product","link":"https:\/\/talenti.hr\/?product=kevlar-traka-visoke-gustoce-od-50-mm","title":{"rendered":"Kevlar traka"},"content":{"rendered":"<p>Kevlar traka visoke gusto\u0107e\u00a0 upotrebljava se kao rezervni materijal za vatrene \u010dunjeve, poi, lepeze, diabolo, povra\u0107ajni i indijanski \u0161tap. Materijal je negore\u0107i.<\/p>\n<p>&nbsp;<\/p>\n","protected":false},"excerpt":{"rendered":"<ul>\n<li>Cijena je za 1 m !!<\/li>\n<li>\u0160irina: 25 mm &#8211; &#8230;<br \/>\n","protected":false},"featured_media":2629,"comment_status":"open","ping_status":"closed","template":"","meta":[],"product_brand":[],"product_cat":[157,149],"product_tag":[309,312],"class_list":{"0":"post-2627","1":"product","2":"type-product","3":"status-publish","4":"has-post-thumbnail","6":"product_cat-vatreni-rekviziti","7":"product_cat-zongliranje","8":"product_tag-kevlar","9":"product_tag-traka","11":"first","12":"instock","13":"taxable","14":"shipping-taxable","15":"purchasable","16":"product-type-simple"},"_links":{"self":[{"href":"https:\/\/talenti.hr\/index.php?rest_route=\/wp\/v2\/product\/2627","targetHints":{"allow":["GET"]}}],"collection":[{"href":"https:\/\/talenti.hr\/index.php?rest_route=\/wp\/v2\/product"}],"about":[{"href":"https:\/\/talenti.hr\/index.php?rest_route=\/wp\/v2\/types\/product"}],"replies":[{"embeddable":true,"href":"https:\/\/talenti.hr\/index.php?rest_route=%2Fwp%2Fv2%2Fcomments&post=2627"}],"wp:featuredmedia":[{"embeddable":true,"href":"https:\/\/talenti.hr\/index.php?rest_route=\/wp\/v2\/media\/2629"}],"wp:attachment":[{"href":"https:\/\/talenti.hr\/index.php?rest_route=%2Fwp%2Fv2%2Fmedia&parent=2627"}],"wp:term":[{"taxonomy":"product_brand","embeddable":true,"href":"https:\/\/talenti.hr\/index.php?rest_route=%2Fwp%2Fv2%2Fproduct_brand&post=2627"},{"taxonomy":"product_cat","embeddable":true,"href":"https:\/\/talenti.hr\/index.php?rest_route=%2Fwp%2Fv2%2Fproduct_cat&post=2627"},{"taxonomy":"product_tag","embeddable":true,"href":"https:\/\/talenti.hr\/index.php?rest_route=%2Fwp%2Fv2%2Fproduct_tag&post=2627"}],"curies":[{"name":"wp","href":"https:\/\/api.w.org\/{rel}","templated":true}]}}