{"id":2630,"date":"2020-03-30T14:39:31","date_gmt":"2020-03-30T12:39:31","guid":{"rendered":"https:\/\/talenti.hr\/?post_type=product&#038;p=2630"},"modified":"2020-04-25T12:12:18","modified_gmt":"2020-04-25T10:12:18","slug":"kevlarsko-uze-10mm","status":"publish","type":"product","link":"https:\/\/talenti.hr\/?product=kevlarsko-uze-10mm","title":{"rendered":"Kevlar u\u017ee -10 mm"},"content":{"rendered":"<p>Kevlarsko u\u017ee promjera 10 mm koristi se kao i ono od 13mm naj\u010de\u0161\u0107e umjesto lanca za vatreni poi ili vija\u010du,kao i za neke druge konstrukcije vezane uz rad s vatrom.<\/p>\n<p>&nbsp;<\/p>\n","protected":false},"excerpt":{"rendered":"<ul>\n<li>Cijena je za 1 m !!<\/li>\n<li>Promjer: 10 mm<\/li>\n<li>Rok &#8230;<br \/>\n","protected":false},"featured_media":2632,"comment_status":"open","ping_status":"closed","template":"","meta":[],"product_brand":[],"product_cat":[157,149],"product_tag":[309,311],"class_list":{"0":"post-2630","1":"product","2":"type-product","3":"status-publish","4":"has-post-thumbnail","6":"product_cat-vatreni-rekviziti","7":"product_cat-zongliranje","8":"product_tag-kevlar","9":"product_tag-uze","11":"first","12":"instock","13":"taxable","14":"shipping-taxable","15":"purchasable","16":"product-type-simple"},"_links":{"self":[{"href":"https:\/\/talenti.hr\/index.php?rest_route=\/wp\/v2\/product\/2630","targetHints":{"allow":["GET"]}}],"collection":[{"href":"https:\/\/talenti.hr\/index.php?rest_route=\/wp\/v2\/product"}],"about":[{"href":"https:\/\/talenti.hr\/index.php?rest_route=\/wp\/v2\/types\/product"}],"replies":[{"embeddable":true,"href":"https:\/\/talenti.hr\/index.php?rest_route=%2Fwp%2Fv2%2Fcomments&post=2630"}],"wp:featuredmedia":[{"embeddable":true,"href":"https:\/\/talenti.hr\/index.php?rest_route=\/wp\/v2\/media\/2632"}],"wp:attachment":[{"href":"https:\/\/talenti.hr\/index.php?rest_route=%2Fwp%2Fv2%2Fmedia&parent=2630"}],"wp:term":[{"taxonomy":"product_brand","embeddable":true,"href":"https:\/\/talenti.hr\/index.php?rest_route=%2Fwp%2Fv2%2Fproduct_brand&post=2630"},{"taxonomy":"product_cat","embeddable":true,"href":"https:\/\/talenti.hr\/index.php?rest_route=%2Fwp%2Fv2%2Fproduct_cat&post=2630"},{"taxonomy":"product_tag","embeddable":true,"href":"https:\/\/talenti.hr\/index.php?rest_route=%2Fwp%2Fv2%2Fproduct_tag&post=2630"}],"curies":[{"name":"wp","href":"https:\/\/api.w.org\/{rel}","templated":true}]}}