{"id":2636,"date":"2020-03-30T14:43:29","date_gmt":"2020-03-30T12:43:29","guid":{"rendered":"https:\/\/talenti.hr\/?post_type=product&#038;p=2636"},"modified":"2020-04-25T12:04:40","modified_gmt":"2020-04-25T10:04:40","slug":"vatrena-indijanska-palica","status":"publish","type":"product","link":"https:\/\/talenti.hr\/?product=vatrena-indijanska-palica","title":{"rendered":"Vatrena indijanska palica"},"content":{"rendered":"<p>Vatrena indijanska palica na vanjskim krajevima ima pri\u010dvr\u0161\u0107enu traku kevlara od 50 mm,a srednji dio je oblo\u017een mekanom spu\u017evom,koja sprije\u010dava klizanje i olak\u0161ava vrtnju.S ovom palicom mogu se izvoditi i trikovi izolacije.<\/p>\n","protected":false},"excerpt":{"rendered":"<ul>\n<li>Du\u017eina: 80 cm<\/li>\n<li>Te\u017eina: 280 g<\/li>\n<li>Rok isporuke:\u00a0 7 &#8211; &#8230;<br \/>\n","protected":false},"featured_media":2638,"comment_status":"open","ping_status":"closed","template":"","meta":[],"product_brand":[],"product_cat":[157,149],"product_tag":[310,306,305],"class_list":{"0":"post-2636","1":"product","2":"type-product","3":"status-publish","4":"has-post-thumbnail","6":"product_cat-vatreni-rekviziti","7":"product_cat-zongliranje","8":"product_tag-indijanska","9":"product_tag-palica","10":"product_tag-vatrena","12":"first","13":"instock","14":"taxable","15":"shipping-taxable","16":"purchasable","17":"product-type-simple"},"_links":{"self":[{"href":"https:\/\/talenti.hr\/index.php?rest_route=\/wp\/v2\/product\/2636","targetHints":{"allow":["GET"]}}],"collection":[{"href":"https:\/\/talenti.hr\/index.php?rest_route=\/wp\/v2\/product"}],"about":[{"href":"https:\/\/talenti.hr\/index.php?rest_route=\/wp\/v2\/types\/product"}],"replies":[{"embeddable":true,"href":"https:\/\/talenti.hr\/index.php?rest_route=%2Fwp%2Fv2%2Fcomments&post=2636"}],"wp:featuredmedia":[{"embeddable":true,"href":"https:\/\/talenti.hr\/index.php?rest_route=\/wp\/v2\/media\/2638"}],"wp:attachment":[{"href":"https:\/\/talenti.hr\/index.php?rest_route=%2Fwp%2Fv2%2Fmedia&parent=2636"}],"wp:term":[{"taxonomy":"product_brand","embeddable":true,"href":"https:\/\/talenti.hr\/index.php?rest_route=%2Fwp%2Fv2%2Fproduct_brand&post=2636"},{"taxonomy":"product_cat","embeddable":true,"href":"https:\/\/talenti.hr\/index.php?rest_route=%2Fwp%2Fv2%2Fproduct_cat&post=2636"},{"taxonomy":"product_tag","embeddable":true,"href":"https:\/\/talenti.hr\/index.php?rest_route=%2Fwp%2Fv2%2Fproduct_tag&post=2636"}],"curies":[{"name":"wp","href":"https:\/\/api.w.org\/{rel}","templated":true}]}}