{"id":2639,"date":"2020-03-30T14:45:09","date_gmt":"2020-03-30T12:45:09","guid":{"rendered":"https:\/\/talenti.hr\/?post_type=product&#038;p=2639"},"modified":"2020-04-25T11:59:08","modified_gmt":"2020-04-25T09:59:08","slug":"vatrena-indijanska-palica-rastavljiva","status":"publish","type":"product","link":"https:\/\/talenti.hr\/?product=vatrena-indijanska-palica-rastavljiva","title":{"rendered":"Vatrena indijanska palica rastavljiva"},"content":{"rendered":"<div id=\"product_description\">\n<p>Vatrena indijanska palica sastoji se od 3 dijela.Na vanjskim dijelovima je namje\u0161tena kevlarska traka \u0161irine 70 mm koja daje lijepo vidljiv plamen.Srednji dio je oblo\u017een ko\u017eom koja olak\u0161ava vrtenje i spre\u010dava klizanje.<\/p>\n<\/div>\n","protected":false},"excerpt":{"rendered":"<ul>\n<li>Du\u017eina: 110 do 150 cm<\/li>\n<li>\u0160irina kevlar trake: 70 mm<\/li>\n<p> &#8230; <\/p>\n","protected":false},"featured_media":2641,"comment_status":"open","ping_status":"closed","template":"","meta":[],"product_brand":[],"product_cat":[157,149],"product_tag":[310,306,305],"class_list":{"0":"post-2639","1":"product","2":"type-product","3":"status-publish","4":"has-post-thumbnail","6":"product_cat-vatreni-rekviziti","7":"product_cat-zongliranje","8":"product_tag-indijanska","9":"product_tag-palica","10":"product_tag-vatrena","12":"first","13":"instock","14":"taxable","15":"shipping-taxable","16":"purchasable","17":"product-type-simple"},"_links":{"self":[{"href":"https:\/\/talenti.hr\/index.php?rest_route=\/wp\/v2\/product\/2639","targetHints":{"allow":["GET"]}}],"collection":[{"href":"https:\/\/talenti.hr\/index.php?rest_route=\/wp\/v2\/product"}],"about":[{"href":"https:\/\/talenti.hr\/index.php?rest_route=\/wp\/v2\/types\/product"}],"replies":[{"embeddable":true,"href":"https:\/\/talenti.hr\/index.php?rest_route=%2Fwp%2Fv2%2Fcomments&post=2639"}],"wp:featuredmedia":[{"embeddable":true,"href":"https:\/\/talenti.hr\/index.php?rest_route=\/wp\/v2\/media\/2641"}],"wp:attachment":[{"href":"https:\/\/talenti.hr\/index.php?rest_route=%2Fwp%2Fv2%2Fmedia&parent=2639"}],"wp:term":[{"taxonomy":"product_brand","embeddable":true,"href":"https:\/\/talenti.hr\/index.php?rest_route=%2Fwp%2Fv2%2Fproduct_brand&post=2639"},{"taxonomy":"product_cat","embeddable":true,"href":"https:\/\/talenti.hr\/index.php?rest_route=%2Fwp%2Fv2%2Fproduct_cat&post=2639"},{"taxonomy":"product_tag","embeddable":true,"href":"https:\/\/talenti.hr\/index.php?rest_route=%2Fwp%2Fv2%2Fproduct_tag&post=2639"}],"curies":[{"name":"wp","href":"https:\/\/api.w.org\/{rel}","templated":true}]}}