{"id":2642,"date":"2020-03-30T14:47:13","date_gmt":"2020-03-30T12:47:13","guid":{"rendered":"https:\/\/talenti.hr\/?post_type=product&#038;p=2642"},"modified":"2020-04-25T13:27:37","modified_gmt":"2020-04-25T11:27:37","slug":"vatreni-poi-lanci-50-mm","status":"publish","type":"product","link":"https:\/\/talenti.hr\/?product=vatreni-poi-lanci-50-mm","title":{"rendered":"Vatreni Poi"},"content":{"rendered":"<p>Vatreni Poi\u00a0 napravljeni su iz kvalitetnih atestiranih negore\u0107ih kevlarskih materijala. Na kraju lanca je fiksirana kevlarska traka visoke gusto\u0107e\u00a0 duga\u010dka 50 cm savijena na &#8220;S&#8221; na\u010din da se upije \u0161to vi\u0161e teku\u0107ine i time produ\u017ei vrijeme gorenja i pove\u0107a veli\u010dina plamena.Kada se istro\u0161i mogu\u0107a vje vrlo jednostavna zamjena. Mogu\u0107e je regulirati du\u017einu lanca.Ru\u010dke mogu biti od tekstila ili u obliku silikonske kugle.<\/p>\n","protected":false},"excerpt":{"rendered":"<ul>\n<li>Cijena je za 1 par !!<\/li>\n<li>\u0160irina kevlar trake: 50 &#8230;<br \/>\n","protected":false},"featured_media":2644,"comment_status":"open","ping_status":"closed","template":"","meta":[],"product_brand":[],"product_cat":[157,149],"product_tag":[309,293,235],"class_list":{"0":"post-2642","1":"product","2":"type-product","3":"status-publish","4":"has-post-thumbnail","6":"product_cat-vatreni-rekviziti","7":"product_cat-zongliranje","8":"product_tag-kevlar","9":"product_tag-poi","10":"product_tag-vatreni","12":"first","13":"instock","14":"taxable","15":"shipping-taxable","16":"purchasable","17":"product-type-simple"},"_links":{"self":[{"href":"https:\/\/talenti.hr\/index.php?rest_route=\/wp\/v2\/product\/2642","targetHints":{"allow":["GET"]}}],"collection":[{"href":"https:\/\/talenti.hr\/index.php?rest_route=\/wp\/v2\/product"}],"about":[{"href":"https:\/\/talenti.hr\/index.php?rest_route=\/wp\/v2\/types\/product"}],"replies":[{"embeddable":true,"href":"https:\/\/talenti.hr\/index.php?rest_route=%2Fwp%2Fv2%2Fcomments&post=2642"}],"wp:featuredmedia":[{"embeddable":true,"href":"https:\/\/talenti.hr\/index.php?rest_route=\/wp\/v2\/media\/2644"}],"wp:attachment":[{"href":"https:\/\/talenti.hr\/index.php?rest_route=%2Fwp%2Fv2%2Fmedia&parent=2642"}],"wp:term":[{"taxonomy":"product_brand","embeddable":true,"href":"https:\/\/talenti.hr\/index.php?rest_route=%2Fwp%2Fv2%2Fproduct_brand&post=2642"},{"taxonomy":"product_cat","embeddable":true,"href":"https:\/\/talenti.hr\/index.php?rest_route=%2Fwp%2Fv2%2Fproduct_cat&post=2642"},{"taxonomy":"product_tag","embeddable":true,"href":"https:\/\/talenti.hr\/index.php?rest_route=%2Fwp%2Fv2%2Fproduct_tag&post=2642"}],"curies":[{"name":"wp","href":"https:\/\/api.w.org\/{rel}","templated":true}]}}