{"id":2654,"date":"2020-03-30T15:10:52","date_gmt":"2020-03-30T13:10:52","guid":{"rendered":"https:\/\/talenti.hr\/?post_type=product&#038;p=2654"},"modified":"2020-04-23T12:35:06","modified_gmt":"2020-04-23T10:35:06","slug":"monocikl-qu-ax-luxus-20","status":"publish","type":"product","link":"https:\/\/talenti.hr\/?product=monocikl-qu-ax-luxus-20","title":{"rendered":"Monocikl QU-AX Luxus 20"},"content":{"rendered":"<p>Monocikl QU-AX Luxus 20 ima najbolji omjer cijene i kvalitete i najbolje je prodavani monocikl u tom razredu.Idealan je za po\u010detnike,ali je primjeren i za iskusne &#8221; voza\u010de &#8220;. Pedale su protuklizne,sjedalo ergonomi\u010dno s prednjim dr\u017ea\u010dem. Prilo\u017eena su 2 nosa\u010da sjedala.<\/p>\n<p><strong>Potrebna du\u017eina nogu za vo\u017enju pojedine veli\u010dine ( za po\u010detnike vrijedi 2 cm manje ) :<\/strong><\/p>\n<p>Veli\u010dina gume\u00a0\u00a0\u00a0\u00a0\u00a0\u00a0\u00a0\u00a0\u00a0\u00a0\u00a0\u00a0\u00a0\u00a0\u00a0\u00a0\u00a0\u00a0 Du\u017eina noge v cm<\/p>\n<table style=\"height: 215px\" border=\"0\" width=\"364\">\n<tbody>\n<tr>\n<td>\u00a016&#8243;<\/td>\n<td>\u00a054<\/td>\n<\/tr>\n<tr>\n<td>\u00a018&#8243;<\/td>\n<td>\u00a060<\/td>\n<\/tr>\n<tr>\n<td>\u00a020&#8243;<\/td>\n<td>\u00a062<\/td>\n<\/tr>\n<tr>\n<td>\u00a024&#8243;<\/td>\n<td>\u00a068<\/td>\n<\/tr>\n<tr>\n<td>\u00a026&#8243;<\/td>\n<td>\u00a074<\/td>\n<\/tr>\n<tr>\n<td>\u00a036&#8243;<\/td>\n<td>\u00a078<\/td>\n<\/tr>\n<tr>\n<td>\u00a0\u017dirafa<\/td>\n<td>\u00a068<\/td>\n<\/tr>\n<\/tbody>\n<\/table>\n","protected":false},"excerpt":{"rendered":"<ul>\n<li>Te\u017eina: 5,0 kg<\/li>\n<li>Boja: krom,crvena,plava,crna,bijela<\/li>\n<li>Rok isporuke: 7 do 10 &#8230;<br \/>\n","protected":false},"featured_media":2907,"comment_status":"open","ping_status":"closed","template":"","meta":[],"product_brand":[],"product_cat":[171,168],"product_tag":[261,262,257],"class_list":{"0":"post-2654","1":"product","2":"type-product","3":"status-publish","4":"has-post-thumbnail","6":"product_cat-monocikli","7":"product_cat-sport","8":"product_tag-luxus","9":"product_tag-monocikl","10":"product_tag-qu-ax","12":"first","13":"instock","14":"taxable","15":"shipping-taxable","16":"purchasable","17":"product-type-simple"},"_links":{"self":[{"href":"https:\/\/talenti.hr\/index.php?rest_route=\/wp\/v2\/product\/2654","targetHints":{"allow":["GET"]}}],"collection":[{"href":"https:\/\/talenti.hr\/index.php?rest_route=\/wp\/v2\/product"}],"about":[{"href":"https:\/\/talenti.hr\/index.php?rest_route=\/wp\/v2\/types\/product"}],"replies":[{"embeddable":true,"href":"https:\/\/talenti.hr\/index.php?rest_route=%2Fwp%2Fv2%2Fcomments&post=2654"}],"wp:featuredmedia":[{"embeddable":true,"href":"https:\/\/talenti.hr\/index.php?rest_route=\/wp\/v2\/media\/2907"}],"wp:attachment":[{"href":"https:\/\/talenti.hr\/index.php?rest_route=%2Fwp%2Fv2%2Fmedia&parent=2654"}],"wp:term":[{"taxonomy":"product_brand","embeddable":true,"href":"https:\/\/talenti.hr\/index.php?rest_route=%2Fwp%2Fv2%2Fproduct_brand&post=2654"},{"taxonomy":"product_cat","embeddable":true,"href":"https:\/\/talenti.hr\/index.php?rest_route=%2Fwp%2Fv2%2Fproduct_cat&post=2654"},{"taxonomy":"product_tag","embeddable":true,"href":"https:\/\/talenti.hr\/index.php?rest_route=%2Fwp%2Fv2%2Fproduct_tag&post=2654"}],"curies":[{"name":"wp","href":"https:\/\/api.w.org\/{rel}","templated":true}]}}