{"id":2660,"date":"2020-03-30T15:13:25","date_gmt":"2020-03-30T13:13:25","guid":{"rendered":"https:\/\/talenti.hr\/?post_type=product&#038;p=2660"},"modified":"2020-04-22T19:05:48","modified_gmt":"2020-04-22T17:05:48","slug":"monocikl-qu-ax-luxus-26","status":"publish","type":"product","link":"https:\/\/talenti.hr\/?product=monocikl-qu-ax-luxus-26","title":{"rendered":"Monocikl QU-AX Luxus 26"},"content":{"rendered":"<p>Monocikl QU-AX Luxus 26 primjeren je za iskusne &#8221; voza\u010de &#8221; i ve\u0107e po\u010detnike.Dostupan je u crnoj boji.Pedale su protuklizne,sjedalo ergonomi\u010dno s odbija\u010dima.Prilo\u017eena su 2 nosa\u010da sjedala od 200 i 350 mm.<\/p>\n","protected":false},"excerpt":{"rendered":"<ul>\n<li>Te\u017eina: 5,0 kg<\/li>\n<li>Boja: crna<\/li>\n<li>Rok isporuke: 7 do 10 &#8230;<br \/>\n","protected":false},"featured_media":2662,"comment_status":"open","ping_status":"closed","template":"","meta":[],"product_brand":[],"product_cat":[171,168],"product_tag":[261,262,257],"class_list":{"0":"post-2660","1":"product","2":"type-product","3":"status-publish","4":"has-post-thumbnail","6":"product_cat-monocikli","7":"product_cat-sport","8":"product_tag-luxus","9":"product_tag-monocikl","10":"product_tag-qu-ax","12":"first","13":"instock","14":"taxable","15":"shipping-taxable","16":"purchasable","17":"product-type-simple"},"_links":{"self":[{"href":"https:\/\/talenti.hr\/index.php?rest_route=\/wp\/v2\/product\/2660","targetHints":{"allow":["GET"]}}],"collection":[{"href":"https:\/\/talenti.hr\/index.php?rest_route=\/wp\/v2\/product"}],"about":[{"href":"https:\/\/talenti.hr\/index.php?rest_route=\/wp\/v2\/types\/product"}],"replies":[{"embeddable":true,"href":"https:\/\/talenti.hr\/index.php?rest_route=%2Fwp%2Fv2%2Fcomments&post=2660"}],"wp:featuredmedia":[{"embeddable":true,"href":"https:\/\/talenti.hr\/index.php?rest_route=\/wp\/v2\/media\/2662"}],"wp:attachment":[{"href":"https:\/\/talenti.hr\/index.php?rest_route=%2Fwp%2Fv2%2Fmedia&parent=2660"}],"wp:term":[{"taxonomy":"product_brand","embeddable":true,"href":"https:\/\/talenti.hr\/index.php?rest_route=%2Fwp%2Fv2%2Fproduct_brand&post=2660"},{"taxonomy":"product_cat","embeddable":true,"href":"https:\/\/talenti.hr\/index.php?rest_route=%2Fwp%2Fv2%2Fproduct_cat&post=2660"},{"taxonomy":"product_tag","embeddable":true,"href":"https:\/\/talenti.hr\/index.php?rest_route=%2Fwp%2Fv2%2Fproduct_tag&post=2660"}],"curies":[{"name":"wp","href":"https:\/\/api.w.org\/{rel}","templated":true}]}}