{"id":2663,"date":"2020-03-30T15:14:39","date_gmt":"2020-03-30T13:14:39","guid":{"rendered":"https:\/\/talenti.hr\/?post_type=product&#038;p=2663"},"modified":"2020-04-22T21:50:46","modified_gmt":"2020-04-22T19:50:46","slug":"monocikl-qu-ax-muni-serija","status":"publish","type":"product","link":"https:\/\/talenti.hr\/?product=monocikl-qu-ax-muni-serija","title":{"rendered":"Monocikl QU-AX Muni serija"},"content":{"rendered":"<p>Qu-Ax serija MUNI\u00a0 je najbolja za adrenalinske spustove i isku\u0161avanje vlastitih sposobnosti.Iznimno je oja\u010dan ( Alu obru\u010d s dvojnim dnom s 48 rupa i dvovij\u010dana alu stezaljka za oslonac sjedala ).QU-AX Trial sjedalo ima prednji dr\u017ea\u010d.<\/p>\n<p><strong>Potrebna du\u017eina nogu za vo\u017enju pojedine veli\u010dine ( za po\u010detnike vrijedi 2 cm manje ) :<\/strong><\/p>\n<p>Veli\u010dina gume\u00a0\u00a0\u00a0\u00a0\u00a0\u00a0\u00a0\u00a0\u00a0\u00a0\u00a0\u00a0\u00a0\u00a0\u00a0\u00a0\u00a0\u00a0 Du\u017eina noge v cm<\/p>\n<table style=\"height: 217px\" border=\"0\" width=\"345\">\n<tbody>\n<tr>\n<td>\u00a016&#8243;<\/td>\n<td>\u00a054<\/td>\n<\/tr>\n<tr>\n<td>\u00a018&#8243;<\/td>\n<td>\u00a060<\/td>\n<\/tr>\n<tr>\n<td>\u00a020&#8243;<\/td>\n<td>\u00a062<\/td>\n<\/tr>\n<tr>\n<td>\u00a024&#8243;<\/td>\n<td>\u00a068<\/td>\n<\/tr>\n<tr>\n<td>\u00a026&#8243;<\/td>\n<td>\u00a074<\/td>\n<\/tr>\n<tr>\n<td>\u00a036&#8243;<\/td>\n<td>\u00a078<\/td>\n<\/tr>\n<tr>\n<td>\u00a0\u017dirafa<\/td>\n<td>\u00a068<\/td>\n<\/tr>\n<\/tbody>\n<\/table>\n","protected":false},"excerpt":{"rendered":"<ul>\n<li>Te\u017eina: 19&#8243;- 6,20 kg | 24&#8243;- 7,50 kg | 27,5&#8243;- &#8230;<br \/>\n","protected":false},"featured_media":2665,"comment_status":"open","ping_status":"closed","template":"","meta":[],"product_brand":[],"product_cat":[171,168],"product_tag":[262,266,257,268],"class_list":{"0":"post-2663","1":"product","2":"type-product","3":"status-publish","4":"has-post-thumbnail","6":"product_cat-monocikli","7":"product_cat-sport","8":"product_tag-monocikl","9":"product_tag-muni","10":"product_tag-qu-ax","11":"product_tag-serija","13":"first","14":"instock","15":"taxable","16":"shipping-taxable","17":"purchasable","18":"product-type-simple"},"_links":{"self":[{"href":"https:\/\/talenti.hr\/index.php?rest_route=\/wp\/v2\/product\/2663","targetHints":{"allow":["GET"]}}],"collection":[{"href":"https:\/\/talenti.hr\/index.php?rest_route=\/wp\/v2\/product"}],"about":[{"href":"https:\/\/talenti.hr\/index.php?rest_route=\/wp\/v2\/types\/product"}],"replies":[{"embeddable":true,"href":"https:\/\/talenti.hr\/index.php?rest_route=%2Fwp%2Fv2%2Fcomments&post=2663"}],"wp:featuredmedia":[{"embeddable":true,"href":"https:\/\/talenti.hr\/index.php?rest_route=\/wp\/v2\/media\/2665"}],"wp:attachment":[{"href":"https:\/\/talenti.hr\/index.php?rest_route=%2Fwp%2Fv2%2Fmedia&parent=2663"}],"wp:term":[{"taxonomy":"product_brand","embeddable":true,"href":"https:\/\/talenti.hr\/index.php?rest_route=%2Fwp%2Fv2%2Fproduct_brand&post=2663"},{"taxonomy":"product_cat","embeddable":true,"href":"https:\/\/talenti.hr\/index.php?rest_route=%2Fwp%2Fv2%2Fproduct_cat&post=2663"},{"taxonomy":"product_tag","embeddable":true,"href":"https:\/\/talenti.hr\/index.php?rest_route=%2Fwp%2Fv2%2Fproduct_tag&post=2663"}],"curies":[{"name":"wp","href":"https:\/\/api.w.org\/{rel}","templated":true}]}}