{"id":2678,"date":"2020-03-30T15:20:47","date_gmt":"2020-03-30T13:20:47","guid":{"rendered":"https:\/\/talenti.hr\/?post_type=product&#038;p=2678"},"modified":"2020-04-22T18:17:14","modified_gmt":"2020-04-22T16:17:14","slug":"monocikl-qu-ax-only-one-24","status":"publish","type":"product","link":"https:\/\/talenti.hr\/?product=monocikl-qu-ax-only-one-24","title":{"rendered":"Monocikl QU-AX Only One 24"},"content":{"rendered":"<p>Monocikl QU-AX\u00a0 Only One\u00a0 razred namijenjen je onima koji ne \u017eele puno potro\u0161iti,ali \u017eele kvalitetan monocikl.Ta veli\u010dina primjerena je za najmla\u0111e po\u010detnike.Pedale su protuklizne,sjedalo ergonomi\u010dno s prednjim dr\u017ea\u010dem.Dostupan je samo u krom boji i guma crne boje.Du\u017eina sjedne povr\u0161ine je 300 mm.<\/p>\n<p>Potrebna du\u017eina nogu za vo\u017enju pojedine veli\u010dine monocikla (za po\u010detnike vrijedi 2 cm manje) :<\/p>\n<p>Veli\u010dina gume\u00a0\u00a0\u00a0\u00a0\u00a0\u00a0\u00a0\u00a0\u00a0\u00a0\u00a0\u00a0\u00a0\u00a0\u00a0\u00a0\u00a0\u00a0 Du\u017eina noge\u00a0u cm<\/p>\n<table style=\"height: 217px\" border=\"0\" width=\"343\">\n<tbody>\n<tr>\n<td>\u00a016&#8243;<\/td>\n<td>\u00a0 54<\/td>\n<\/tr>\n<tr>\n<td>\u00a018&#8243;<\/td>\n<td>\u00a0 60<\/td>\n<\/tr>\n<tr>\n<td>\u00a020&#8243;<\/td>\n<td>\u00a0 62<\/td>\n<\/tr>\n<tr>\n<td>\u00a024&#8243;<\/td>\n<td>\u00a0 68<\/td>\n<\/tr>\n<tr>\n<td>\u00a026&#8243;<\/td>\n<td>\u00a0 74<\/td>\n<\/tr>\n<tr>\n<td>\u00a036&#8243;<\/td>\n<td>\u00a0 78<\/td>\n<\/tr>\n<tr>\n<td>\u00a0\u017dirafa<\/td>\n<td>\u00a0 68<\/td>\n<\/tr>\n<\/tbody>\n<\/table>\n","protected":false},"excerpt":{"rendered":"<ul>\n<li>Te\u017eina: 5,0 kg<\/li>\n<li>Boja: crna<\/li>\n<li>Proizvo\u0111a\u010d:QU-AX<\/li>\n<\/ul>\n<p> &nbsp; &#8230; <\/p>\n","protected":false},"featured_media":2680,"comment_status":"open","ping_status":"closed","template":"","meta":[],"product_brand":[],"product_cat":[171,168],"product_tag":[262,263,257],"class_list":{"0":"post-2678","1":"product","2":"type-product","3":"status-publish","4":"has-post-thumbnail","6":"product_cat-monocikli","7":"product_cat-sport","8":"product_tag-monocikl","9":"product_tag-only-one","10":"product_tag-qu-ax","12":"first","13":"instock","14":"taxable","15":"shipping-taxable","16":"purchasable","17":"product-type-simple"},"_links":{"self":[{"href":"https:\/\/talenti.hr\/index.php?rest_route=\/wp\/v2\/product\/2678","targetHints":{"allow":["GET"]}}],"collection":[{"href":"https:\/\/talenti.hr\/index.php?rest_route=\/wp\/v2\/product"}],"about":[{"href":"https:\/\/talenti.hr\/index.php?rest_route=\/wp\/v2\/types\/product"}],"replies":[{"embeddable":true,"href":"https:\/\/talenti.hr\/index.php?rest_route=%2Fwp%2Fv2%2Fcomments&post=2678"}],"wp:featuredmedia":[{"embeddable":true,"href":"https:\/\/talenti.hr\/index.php?rest_route=\/wp\/v2\/media\/2680"}],"wp:attachment":[{"href":"https:\/\/talenti.hr\/index.php?rest_route=%2Fwp%2Fv2%2Fmedia&parent=2678"}],"wp:term":[{"taxonomy":"product_brand","embeddable":true,"href":"https:\/\/talenti.hr\/index.php?rest_route=%2Fwp%2Fv2%2Fproduct_brand&post=2678"},{"taxonomy":"product_cat","embeddable":true,"href":"https:\/\/talenti.hr\/index.php?rest_route=%2Fwp%2Fv2%2Fproduct_cat&post=2678"},{"taxonomy":"product_tag","embeddable":true,"href":"https:\/\/talenti.hr\/index.php?rest_route=%2Fwp%2Fv2%2Fproduct_tag&post=2678"}],"curies":[{"name":"wp","href":"https:\/\/api.w.org\/{rel}","templated":true}]}}