{"id":2684,"date":"2020-03-30T15:23:20","date_gmt":"2020-03-30T13:23:20","guid":{"rendered":"https:\/\/talenti.hr\/?post_type=product&#038;p=2684"},"modified":"2020-04-22T22:53:50","modified_gmt":"2020-04-22T20:53:50","slug":"monocikl-qu-ax-profi-marathon-36","status":"publish","type":"product","link":"https:\/\/talenti.hr\/?product=monocikl-qu-ax-profi-marathon-36","title":{"rendered":"Monocikl QU-AX Profi Marathon 36-Q osovina"},"content":{"rendered":"<p>Monocikl QU-AX Profi Marathon 36 je najve\u0107i monocikl u ponudi,osim \u017eirafe.Primjeren je isklju\u010divo za iskusne &#8221; voza\u010de &#8221; koji se rado upu\u0107uju na duga\u010dke vo\u017enje,jer on s jednim okretom pedala prije\u0111e 2,85 metara zbog specijalne osovine Q. Pedale su protuklizne,sjedalo ergonomi\u010dno s ru\u010dkom i prilo\u017eenom ko\u010dnicom.Prilo\u017eena su 2 dr\u017ea\u010da sjedala od 200 i 350 mm.<\/p>\n<p><strong>Potrebna du\u017eina nogu za vo\u017enju pojedine veli\u010dine ( za po\u010detnike vrijedi 2 cm manje ) :<\/strong><\/p>\n<p>Veli\u010dina gume\u00a0\u00a0\u00a0\u00a0\u00a0\u00a0\u00a0\u00a0\u00a0\u00a0\u00a0\u00a0\u00a0\u00a0\u00a0\u00a0\u00a0\u00a0 Du\u017eina noge v cm<\/p>\n<table style=\"height: 213px\" border=\"0\" width=\"334\">\n<tbody>\n<tr>\n<td>\u00a016&#8243;<\/td>\n<td>\u00a054<\/td>\n<\/tr>\n<tr>\n<td>\u00a018&#8243;<\/td>\n<td>\u00a060<\/td>\n<\/tr>\n<tr>\n<td>\u00a020&#8243;<\/td>\n<td>\u00a062<\/td>\n<\/tr>\n<tr>\n<td>\u00a024&#8243;<\/td>\n<td>\u00a068<\/td>\n<\/tr>\n<tr>\n<td>\u00a026&#8243;<\/td>\n<td>\u00a074<\/td>\n<\/tr>\n<tr>\n<td>\u00a036&#8243;<\/td>\n<td>\u00a078<\/td>\n<\/tr>\n<tr>\n<td>\u00a0\u017dirafa<\/td>\n<td>\u00a068<\/td>\n<\/tr>\n<\/tbody>\n<\/table>\n","protected":false},"excerpt":{"rendered":"<ul>\n<li>Boja: crna<\/li>\n<li>Rok isporuke: 7 do 10 dana<\/li>\n<li>Proizvo\u0111a\u010d:QU-AX<\/li>\n<\/ul>\n<p> &#8230; <\/p>\n","protected":false},"featured_media":2686,"comment_status":"open","ping_status":"closed","template":"","meta":[],"product_brand":[],"product_cat":[171,168],"product_tag":[265,262,264,257],"class_list":{"0":"post-2684","1":"product","2":"type-product","3":"status-publish","4":"has-post-thumbnail","6":"product_cat-monocikli","7":"product_cat-sport","8":"product_tag-marathon","9":"product_tag-monocikl","10":"product_tag-profi","11":"product_tag-qu-ax","13":"first","14":"instock","15":"taxable","16":"shipping-taxable","17":"purchasable","18":"product-type-simple"},"_links":{"self":[{"href":"https:\/\/talenti.hr\/index.php?rest_route=\/wp\/v2\/product\/2684","targetHints":{"allow":["GET"]}}],"collection":[{"href":"https:\/\/talenti.hr\/index.php?rest_route=\/wp\/v2\/product"}],"about":[{"href":"https:\/\/talenti.hr\/index.php?rest_route=\/wp\/v2\/types\/product"}],"replies":[{"embeddable":true,"href":"https:\/\/talenti.hr\/index.php?rest_route=%2Fwp%2Fv2%2Fcomments&post=2684"}],"wp:featuredmedia":[{"embeddable":true,"href":"https:\/\/talenti.hr\/index.php?rest_route=\/wp\/v2\/media\/2686"}],"wp:attachment":[{"href":"https:\/\/talenti.hr\/index.php?rest_route=%2Fwp%2Fv2%2Fmedia&parent=2684"}],"wp:term":[{"taxonomy":"product_brand","embeddable":true,"href":"https:\/\/talenti.hr\/index.php?rest_route=%2Fwp%2Fv2%2Fproduct_brand&post=2684"},{"taxonomy":"product_cat","embeddable":true,"href":"https:\/\/talenti.hr\/index.php?rest_route=%2Fwp%2Fv2%2Fproduct_cat&post=2684"},{"taxonomy":"product_tag","embeddable":true,"href":"https:\/\/talenti.hr\/index.php?rest_route=%2Fwp%2Fv2%2Fproduct_tag&post=2684"}],"curies":[{"name":"wp","href":"https:\/\/api.w.org\/{rel}","templated":true}]}}