{"id":2690,"date":"2020-03-30T15:25:33","date_gmt":"2020-03-30T13:25:33","guid":{"rendered":"https:\/\/talenti.hr\/?post_type=product&#038;p=2690"},"modified":"2020-04-23T10:01:14","modified_gmt":"2020-04-23T08:01:14","slug":"monocikl-qu-ax-zirafa-150cm","status":"publish","type":"product","link":"https:\/\/talenti.hr\/?product=monocikl-qu-ax-zirafa-150cm","title":{"rendered":"Monocikl QU-AX \u017eirafa 150 cm"},"content":{"rendered":"<p>\u017dirafa je namijenjena isklju\u010divo dobrim poznavaocima vo\u017enje s monociklom.Veli\u010dina kota\u010da je 50 cm,ima protuklizne pedale i oja\u010dano ergonomi\u010dno sjedalo s zamjenjivim \u0161titnicima protiv o\u0161te\u0107enja.<\/p>\n","protected":false},"excerpt":{"rendered":"<ul>\n<li>Te\u017eina: 6,7 kg<\/li>\n<li>Visina. 150 cm<\/li>\n<li>Boja. krom<\/li>\n<li>Proizvo\u0111a\u010d: QU-AX<\/li>\n<p> &#8230; <\/p>\n","protected":false},"featured_media":2692,"comment_status":"open","ping_status":"closed","template":"","meta":[],"product_brand":[],"product_cat":[171,168],"product_tag":[262,257,271],"class_list":{"0":"post-2690","1":"product","2":"type-product","3":"status-publish","4":"has-post-thumbnail","6":"product_cat-monocikli","7":"product_cat-sport","8":"product_tag-monocikl","9":"product_tag-qu-ax","10":"product_tag-zirafa","12":"first","13":"instock","14":"taxable","15":"shipping-taxable","16":"purchasable","17":"product-type-simple"},"_links":{"self":[{"href":"https:\/\/talenti.hr\/index.php?rest_route=\/wp\/v2\/product\/2690","targetHints":{"allow":["GET"]}}],"collection":[{"href":"https:\/\/talenti.hr\/index.php?rest_route=\/wp\/v2\/product"}],"about":[{"href":"https:\/\/talenti.hr\/index.php?rest_route=\/wp\/v2\/types\/product"}],"replies":[{"embeddable":true,"href":"https:\/\/talenti.hr\/index.php?rest_route=%2Fwp%2Fv2%2Fcomments&post=2690"}],"wp:featuredmedia":[{"embeddable":true,"href":"https:\/\/talenti.hr\/index.php?rest_route=\/wp\/v2\/media\/2692"}],"wp:attachment":[{"href":"https:\/\/talenti.hr\/index.php?rest_route=%2Fwp%2Fv2%2Fmedia&parent=2690"}],"wp:term":[{"taxonomy":"product_brand","embeddable":true,"href":"https:\/\/talenti.hr\/index.php?rest_route=%2Fwp%2Fv2%2Fproduct_brand&post=2690"},{"taxonomy":"product_cat","embeddable":true,"href":"https:\/\/talenti.hr\/index.php?rest_route=%2Fwp%2Fv2%2Fproduct_cat&post=2690"},{"taxonomy":"product_tag","embeddable":true,"href":"https:\/\/talenti.hr\/index.php?rest_route=%2Fwp%2Fv2%2Fproduct_tag&post=2690"}],"curies":[{"name":"wp","href":"https:\/\/api.w.org\/{rel}","templated":true}]}}