{"id":2693,"date":"2020-03-30T15:26:43","date_gmt":"2020-03-30T13:26:43","guid":{"rendered":"https:\/\/talenti.hr\/?post_type=product&#038;p=2693"},"modified":"2020-04-23T12:13:57","modified_gmt":"2020-04-23T10:13:57","slug":"monocikl-qu-ax-luxus-16","status":"publish","type":"product","link":"https:\/\/talenti.hr\/?product=monocikl-qu-ax-luxus-16","title":{"rendered":"Monocikl Qu-Ax Luxus 16"},"content":{"rendered":"<p>Monocikl QU-AX Luxus 16 je izuzetno kvalitetno napravljen monocikl iz QU-AX Luxus serije koji je primjeren za najmanje monocikliste.Pedale su protuklizne,a sjedalo ergonomi\u010dno s odbojnicima.Prilo\u017eena su 2 nosioca sjedala \u00a0 \u00a0 \u00a0 ( dijamantno bru\u0161ena da se sprije\u010di okretanje ) od 200 i 300 mm.<\/p>\n<p><strong>Potrebna du\u017eina nogu za vo\u017enju pojedine veli\u010dine ( za po\u010detnike vrijedi 2 cm manje ) :<\/strong><\/p>\n<p>Veli\u010dina gume\u00a0\u00a0\u00a0\u00a0\u00a0\u00a0\u00a0\u00a0\u00a0\u00a0\u00a0\u00a0\u00a0\u00a0\u00a0\u00a0\u00a0\u00a0 Du\u017eina noge v cm<\/p>\n<table style=\"height: 209px\" border=\"0\" width=\"345\">\n<tbody>\n<tr>\n<td>\u00a016&#8243;<\/td>\n<td>\u00a054<\/td>\n<\/tr>\n<tr>\n<td>\u00a018&#8243;<\/td>\n<td>\u00a060<\/td>\n<\/tr>\n<tr>\n<td>\u00a020&#8243;<\/td>\n<td>\u00a062<\/td>\n<\/tr>\n<tr>\n<td>\u00a024&#8243;<\/td>\n<td>\u00a068<\/td>\n<\/tr>\n<tr>\n<td>\u00a026&#8243;<\/td>\n<td>\u00a074<\/td>\n<\/tr>\n<tr>\n<td>\u00a036&#8243;<\/td>\n<td>\u00a078<\/td>\n<\/tr>\n<tr>\n<td>\u00a0\u017dirafa<\/td>\n<td>\u00a068<\/td>\n<\/tr>\n<\/tbody>\n<\/table>\n","protected":false},"excerpt":{"rendered":"<ul>\n<li>Boja:bijela<\/li>\n<li>Rok isporuke: 7-10 dana<\/li>\n<li>Proizvo\u0111a\u010d:QU-AX<\/li>\n<\/ul>\n<p> &#8230; <\/p>\n","protected":false},"featured_media":3094,"comment_status":"open","ping_status":"closed","template":"","meta":[],"product_brand":[],"product_cat":[171,168],"product_tag":[261,262,257],"class_list":{"0":"post-2693","1":"product","2":"type-product","3":"status-publish","4":"has-post-thumbnail","6":"product_cat-monocikli","7":"product_cat-sport","8":"product_tag-luxus","9":"product_tag-monocikl","10":"product_tag-qu-ax","12":"first","13":"instock","14":"taxable","15":"shipping-taxable","16":"purchasable","17":"product-type-simple"},"_links":{"self":[{"href":"https:\/\/talenti.hr\/index.php?rest_route=\/wp\/v2\/product\/2693","targetHints":{"allow":["GET"]}}],"collection":[{"href":"https:\/\/talenti.hr\/index.php?rest_route=\/wp\/v2\/product"}],"about":[{"href":"https:\/\/talenti.hr\/index.php?rest_route=\/wp\/v2\/types\/product"}],"replies":[{"embeddable":true,"href":"https:\/\/talenti.hr\/index.php?rest_route=%2Fwp%2Fv2%2Fcomments&post=2693"}],"wp:featuredmedia":[{"embeddable":true,"href":"https:\/\/talenti.hr\/index.php?rest_route=\/wp\/v2\/media\/3094"}],"wp:attachment":[{"href":"https:\/\/talenti.hr\/index.php?rest_route=%2Fwp%2Fv2%2Fmedia&parent=2693"}],"wp:term":[{"taxonomy":"product_brand","embeddable":true,"href":"https:\/\/talenti.hr\/index.php?rest_route=%2Fwp%2Fv2%2Fproduct_brand&post=2693"},{"taxonomy":"product_cat","embeddable":true,"href":"https:\/\/talenti.hr\/index.php?rest_route=%2Fwp%2Fv2%2Fproduct_cat&post=2693"},{"taxonomy":"product_tag","embeddable":true,"href":"https:\/\/talenti.hr\/index.php?rest_route=%2Fwp%2Fv2%2Fproduct_tag&post=2693"}],"curies":[{"name":"wp","href":"https:\/\/api.w.org\/{rel}","templated":true}]}}