{"id":2696,"date":"2020-03-30T15:29:13","date_gmt":"2020-03-30T13:29:13","guid":{"rendered":"https:\/\/talenti.hr\/?post_type=product&#038;p=2696"},"modified":"2020-04-20T14:48:38","modified_gmt":"2020-04-20T12:48:38","slug":"pogo-stick-50kg","status":"publish","type":"product","link":"https:\/\/talenti.hr\/?product=pogo-stick-50kg","title":{"rendered":"Pogo Stick 50 kg &#8211; \u0161tap za skakanje"},"content":{"rendered":"<div id=\"product_description\">\n<ul>\n<li>150 mm hoda ( ima 2 opruge i dodatnu za\u0161titu tog amortiziraju\u0107eg sistema )<\/li>\n<li>Du\u017eina &#8211; 98,0 cm<\/li>\n<li>Du\u017eina do nosa\u010da stopala -72,0 cm<\/li>\n<li>\u010celi\u010dni\u00a0okov promjera 32 mm.<\/li>\n<\/ul>\n<p>Pogo Stick 50kg ( \u0161tap za skakanje ) namijenjen je ve\u0107oj djeci koja se s takvom spravom sre\u0107u prvi put.<\/p>\n<p>Njegova napredna tehnologija omogu\u0107uje upotrebu bez bilo kakvog odr\u017eavanja.<\/p>\n<p>Primjeren je za tjelesnu te\u017einu do 50 kg.<\/p>\n<\/div>\n","protected":false},"excerpt":{"rendered":"<ul>\n<li>Boja: plava<\/li>\n<li>Rok isporuke: do 7 dana<\/li>\n<li>Proizvo\u0111a\u010d:Qu-Ax<\/li>\n<\/ul>\n<p> &#8230; <\/p>\n","protected":false},"featured_media":2698,"comment_status":"open","ping_status":"closed","template":"","meta":[],"product_brand":[],"product_cat":[238,176,168],"product_tag":[239,240],"class_list":{"0":"post-2696","1":"product","2":"type-product","3":"status-publish","4":"has-post-thumbnail","6":"product_cat-pogo-stick","7":"product_cat-ravnoteza","8":"product_cat-sport","9":"product_tag-pogo","10":"product_tag-stick","12":"first","13":"instock","14":"taxable","15":"shipping-taxable","16":"purchasable","17":"product-type-simple"},"_links":{"self":[{"href":"https:\/\/talenti.hr\/index.php?rest_route=\/wp\/v2\/product\/2696","targetHints":{"allow":["GET"]}}],"collection":[{"href":"https:\/\/talenti.hr\/index.php?rest_route=\/wp\/v2\/product"}],"about":[{"href":"https:\/\/talenti.hr\/index.php?rest_route=\/wp\/v2\/types\/product"}],"replies":[{"embeddable":true,"href":"https:\/\/talenti.hr\/index.php?rest_route=%2Fwp%2Fv2%2Fcomments&post=2696"}],"wp:featuredmedia":[{"embeddable":true,"href":"https:\/\/talenti.hr\/index.php?rest_route=\/wp\/v2\/media\/2698"}],"wp:attachment":[{"href":"https:\/\/talenti.hr\/index.php?rest_route=%2Fwp%2Fv2%2Fmedia&parent=2696"}],"wp:term":[{"taxonomy":"product_brand","embeddable":true,"href":"https:\/\/talenti.hr\/index.php?rest_route=%2Fwp%2Fv2%2Fproduct_brand&post=2696"},{"taxonomy":"product_cat","embeddable":true,"href":"https:\/\/talenti.hr\/index.php?rest_route=%2Fwp%2Fv2%2Fproduct_cat&post=2696"},{"taxonomy":"product_tag","embeddable":true,"href":"https:\/\/talenti.hr\/index.php?rest_route=%2Fwp%2Fv2%2Fproduct_tag&post=2696"}],"curies":[{"name":"wp","href":"https:\/\/api.w.org\/{rel}","templated":true}]}}