{"id":2699,"date":"2020-03-30T15:30:12","date_gmt":"2020-03-30T13:30:12","guid":{"rendered":"https:\/\/talenti.hr\/?post_type=product&#038;p=2699"},"modified":"2020-04-20T14:51:28","modified_gmt":"2020-04-20T12:51:28","slug":"pogo-stick-30kg","status":"publish","type":"product","link":"https:\/\/talenti.hr\/?product=pogo-stick-30kg","title":{"rendered":"Pogo Stick 30kg &#8211; \u0161tap za skakanje"},"content":{"rendered":"<ul>\n<li>150 mm\u00a0hoda ( ima 2 opruge i dodatnu za\u0161titu amortiziraju\u0107eg sistema )<\/li>\n<li>Du\u017eina-98,0 cm<\/li>\n<li>Du\u017eina od nosa\u010da stopala &#8211; 72,0 cm<\/li>\n<li>\u010celi\u010dni\u00a0okov\u00a0promjera 32 mm<\/li>\n<\/ul>\n<p>Posebno prilago\u0111ene gumene ru\u010dke!<\/p>\n<p>Pogo Stick 30kg namijenjen je ve\u0107oj djeci koja se prvi put susre\u0107u s ovim rekvizitom.Njegova napredna tehnologija omogu\u0107uje upotrebu bez posebnog odr\u017eavanja.Ima zamjenjivu protukliznu gumu.Primjeren je za tjelesnu te\u017einu do 30 kg.<\/p>\n","protected":false},"excerpt":{"rendered":"<ul>\n<li>Boja:crvena<\/li>\n<li>Rok isporuke: do 7 dana<\/li>\n<li>Proizvo\u0111a\u010d:Qu-Ax<\/li>\n<\/ul>\n<p> &#8230; <\/p>\n","protected":false},"featured_media":2701,"comment_status":"open","ping_status":"closed","template":"","meta":[],"product_brand":[],"product_cat":[238,176,168],"product_tag":[239,240],"class_list":{"0":"post-2699","1":"product","2":"type-product","3":"status-publish","4":"has-post-thumbnail","6":"product_cat-pogo-stick","7":"product_cat-ravnoteza","8":"product_cat-sport","9":"product_tag-pogo","10":"product_tag-stick","12":"first","13":"instock","14":"taxable","15":"shipping-taxable","16":"purchasable","17":"product-type-simple"},"_links":{"self":[{"href":"https:\/\/talenti.hr\/index.php?rest_route=\/wp\/v2\/product\/2699","targetHints":{"allow":["GET"]}}],"collection":[{"href":"https:\/\/talenti.hr\/index.php?rest_route=\/wp\/v2\/product"}],"about":[{"href":"https:\/\/talenti.hr\/index.php?rest_route=\/wp\/v2\/types\/product"}],"replies":[{"embeddable":true,"href":"https:\/\/talenti.hr\/index.php?rest_route=%2Fwp%2Fv2%2Fcomments&post=2699"}],"wp:featuredmedia":[{"embeddable":true,"href":"https:\/\/talenti.hr\/index.php?rest_route=\/wp\/v2\/media\/2701"}],"wp:attachment":[{"href":"https:\/\/talenti.hr\/index.php?rest_route=%2Fwp%2Fv2%2Fmedia&parent=2699"}],"wp:term":[{"taxonomy":"product_brand","embeddable":true,"href":"https:\/\/talenti.hr\/index.php?rest_route=%2Fwp%2Fv2%2Fproduct_brand&post=2699"},{"taxonomy":"product_cat","embeddable":true,"href":"https:\/\/talenti.hr\/index.php?rest_route=%2Fwp%2Fv2%2Fproduct_cat&post=2699"},{"taxonomy":"product_tag","embeddable":true,"href":"https:\/\/talenti.hr\/index.php?rest_route=%2Fwp%2Fv2%2Fproduct_tag&post=2699"}],"curies":[{"name":"wp","href":"https:\/\/api.w.org\/{rel}","templated":true}]}}