{"id":2705,"date":"2020-03-30T15:32:30","date_gmt":"2020-03-30T13:32:30","guid":{"rendered":"https:\/\/talenti.hr\/?post_type=product&#038;p=2705"},"modified":"2020-04-20T15:11:39","modified_gmt":"2020-04-20T13:11:39","slug":"pogo-stick-80kg","status":"publish","type":"product","link":"https:\/\/talenti.hr\/?product=pogo-stick-80kg","title":{"rendered":"Pogo Stick 80 kg &#8211; \u0161tap za skakanje"},"content":{"rendered":"<ul>\n<li>135 mm hod ( ima 2 opruge i dodatnu za\u0161titu amortiziraju\u0107eg sistema )<\/li>\n<li>Du\u017eina &#8211; 102,0 cm<\/li>\n<li>Du\u017eina do oslonca noge &#8211; 77,0 cm<\/li>\n<li>\u010celi\u010dni\u00a0okov promjera 38 mm.<\/li>\n<\/ul>\n<p>Pogo Stick 80kg ( \u0161tap za skakanje )namijenjen je ve\u0107oj djeci i odraslim osobama<\/p>\n<p>Njegova napredna tehnologija omogu\u0107uje upotrebu bez bilo kakvog odr\u017eavanja.<\/p>\n<p>Primjeren je za tjelesnu te\u017einu do 80 kg.<\/p>\n<p>Pogo Stickove mnogi uspore\u0111uju s mini trampolinima,jer imaju sli\u010dne pozitivne efekte,ali zauzimaju malo mjesta i lagano se prenose.<\/p>\n<p>To je prava sportska naprava koja kori\u0161tenjem stimulira limfni i imuni sistem,poti\u010de potro\u0161nju kalorija ( 405 kcal u 30 minuta ili 20 minuta skakanja = 60 minuta hodanja na traci ),u\u010dinkovito skida kilograme,oblikuje tijelo i uklanja celulit.Koriste ih i neki vrhunski sporta\u0161i jer poti\u010du osje\u0107aj za koordinaciju,ravnote\u017eu,razvijaju motori\u010dke sposobnosti i ja\u010daju mi\u0161i\u0107e posebno nogu i trbuha.<\/p>\n<p><a class=\"ytp-share-panel-link ytp-no-contextmenu\" href=\"https:\/\/youtu.be\/6zPUjNrGNzI\" target=\"_blank\" rel=\"noopener noreferrer\" aria-label=\"Share link https:\/\/youtu.be\/6zPUjNrGNzI\">https:\/\/youtu.be\/6zPUjNrGNzI<\/a><\/p>\n","protected":false},"excerpt":{"rendered":"<ul>\n<li>Boja: crna<\/li>\n<li>Rok isporuke: do 7 dana<\/li>\n<li>Proizvo\u0111a\u010d:Qu-Ax<\/li>\n<\/ul>\n<p> &#8230; <\/p>\n","protected":false},"featured_media":2707,"comment_status":"open","ping_status":"closed","template":"","meta":[],"product_brand":[],"product_cat":[238,176,168],"product_tag":[239,240],"class_list":{"0":"post-2705","1":"product","2":"type-product","3":"status-publish","4":"has-post-thumbnail","6":"product_cat-pogo-stick","7":"product_cat-ravnoteza","8":"product_cat-sport","9":"product_tag-pogo","10":"product_tag-stick","12":"first","13":"instock","14":"taxable","15":"shipping-taxable","16":"purchasable","17":"product-type-simple"},"_links":{"self":[{"href":"https:\/\/talenti.hr\/index.php?rest_route=\/wp\/v2\/product\/2705","targetHints":{"allow":["GET"]}}],"collection":[{"href":"https:\/\/talenti.hr\/index.php?rest_route=\/wp\/v2\/product"}],"about":[{"href":"https:\/\/talenti.hr\/index.php?rest_route=\/wp\/v2\/types\/product"}],"replies":[{"embeddable":true,"href":"https:\/\/talenti.hr\/index.php?rest_route=%2Fwp%2Fv2%2Fcomments&post=2705"}],"wp:featuredmedia":[{"embeddable":true,"href":"https:\/\/talenti.hr\/index.php?rest_route=\/wp\/v2\/media\/2707"}],"wp:attachment":[{"href":"https:\/\/talenti.hr\/index.php?rest_route=%2Fwp%2Fv2%2Fmedia&parent=2705"}],"wp:term":[{"taxonomy":"product_brand","embeddable":true,"href":"https:\/\/talenti.hr\/index.php?rest_route=%2Fwp%2Fv2%2Fproduct_brand&post=2705"},{"taxonomy":"product_cat","embeddable":true,"href":"https:\/\/talenti.hr\/index.php?rest_route=%2Fwp%2Fv2%2Fproduct_cat&post=2705"},{"taxonomy":"product_tag","embeddable":true,"href":"https:\/\/talenti.hr\/index.php?rest_route=%2Fwp%2Fv2%2Fproduct_tag&post=2705"}],"curies":[{"name":"wp","href":"https:\/\/api.w.org\/{rel}","templated":true}]}}