{"id":2711,"date":"2020-03-30T15:35:15","date_gmt":"2020-03-30T13:35:15","guid":{"rendered":"https:\/\/talenti.hr\/?post_type=product&#038;p=2711"},"modified":"2020-04-29T13:59:35","modified_gmt":"2020-04-29T11:59:35","slug":"bicikl-qu-ax-gentleman","status":"publish","type":"product","link":"https:\/\/talenti.hr\/?product=bicikl-qu-ax-gentleman","title":{"rendered":"Bicikl Gentleman QU-AX"},"content":{"rendered":"<p>Bicikl Gentleman QU-AX je imao glavnu ulogu u razvoju monocikala,izra\u0111en je u retro izgledu,ali s novom tehnologijom pa je u odnosu na stari model lak\u0161i za upotrebu,lagan,lijepo vodljiv i udoban.Mo\u017ee se voziti u svim prilikama.Tenutno jedini na svijetu ima prednji kota\u010d te veli\u010dine sa zra\u010dnicom ( 36&#8243; ).Zadnji kota\u010d tako\u0111er ima zra\u010dnicu ( 12&#8243; ).Na okviru ima malu stepenicu zbog lak\u0161eg sjedanja.<\/p>\n","protected":false},"excerpt":{"rendered":"<ul>\n<li>Rok isporuke: 10-14 dana<\/li>\n<li>Proizvo\u0111a\u010d:QU-AX<\/li>\n<\/ul>\n<p> &#8230; <\/p>\n","protected":false},"featured_media":3375,"comment_status":"open","ping_status":"closed","template":"","meta":[],"product_brand":[],"product_cat":[171,176,168],"product_tag":[399,400,257],"class_list":{"0":"post-2711","1":"product","2":"type-product","3":"status-publish","4":"has-post-thumbnail","6":"product_cat-monocikli","7":"product_cat-ravnoteza","8":"product_cat-sport","9":"product_tag-bicikl","10":"product_tag-gentleman","11":"product_tag-qu-ax","13":"first","14":"instock","15":"taxable","16":"shipping-taxable","17":"purchasable","18":"product-type-simple"},"_links":{"self":[{"href":"https:\/\/talenti.hr\/index.php?rest_route=\/wp\/v2\/product\/2711","targetHints":{"allow":["GET"]}}],"collection":[{"href":"https:\/\/talenti.hr\/index.php?rest_route=\/wp\/v2\/product"}],"about":[{"href":"https:\/\/talenti.hr\/index.php?rest_route=\/wp\/v2\/types\/product"}],"replies":[{"embeddable":true,"href":"https:\/\/talenti.hr\/index.php?rest_route=%2Fwp%2Fv2%2Fcomments&post=2711"}],"wp:featuredmedia":[{"embeddable":true,"href":"https:\/\/talenti.hr\/index.php?rest_route=\/wp\/v2\/media\/3375"}],"wp:attachment":[{"href":"https:\/\/talenti.hr\/index.php?rest_route=%2Fwp%2Fv2%2Fmedia&parent=2711"}],"wp:term":[{"taxonomy":"product_brand","embeddable":true,"href":"https:\/\/talenti.hr\/index.php?rest_route=%2Fwp%2Fv2%2Fproduct_brand&post=2711"},{"taxonomy":"product_cat","embeddable":true,"href":"https:\/\/talenti.hr\/index.php?rest_route=%2Fwp%2Fv2%2Fproduct_cat&post=2711"},{"taxonomy":"product_tag","embeddable":true,"href":"https:\/\/talenti.hr\/index.php?rest_route=%2Fwp%2Fv2%2Fproduct_tag&post=2711"}],"curies":[{"name":"wp","href":"https:\/\/api.w.org\/{rel}","templated":true}]}}