{"id":2714,"date":"2020-03-30T15:36:20","date_gmt":"2020-03-30T13:36:20","guid":{"rendered":"https:\/\/talenti.hr\/?post_type=product&#038;p=2714"},"modified":"2020-04-29T14:11:39","modified_gmt":"2020-04-29T12:11:39","slug":"bicikl-qu-ax-mini-bike-6","status":"publish","type":"product","link":"https:\/\/talenti.hr\/?product=bicikl-qu-ax-mini-bike-6","title":{"rendered":"Bicikl Mini QU-AX"},"content":{"rendered":"<div id=\"product_description\">\n<p>Bicikl Mini QU-AX jedan je od najmanjih bicikala na svijetu koji je mogu\u0107e voziti.Izra\u0111en je od vrlo kvalitetnih materijala,ima \u010deli\u010dni okvir,le\u017eajeve na kota\u010dima i prilo\u017een stalak.<\/p>\n<\/div>\n","protected":false},"excerpt":{"rendered":"<ul>\n<li>Nosivost: do 130 kg<\/li>\n<li>Kota\u010di: 6 &#8220;<\/li>\n<li>Rok isporuke: 10-14 &#8230;<br \/>\n","protected":false},"featured_media":3379,"comment_status":"open","ping_status":"closed","template":"","meta":[],"product_brand":[],"product_cat":[171,176,168],"product_tag":[399,401,257],"class_list":{"0":"post-2714","1":"product","2":"type-product","3":"status-publish","4":"has-post-thumbnail","6":"product_cat-monocikli","7":"product_cat-ravnoteza","8":"product_cat-sport","9":"product_tag-bicikl","10":"product_tag-mini","11":"product_tag-qu-ax","13":"first","14":"instock","15":"taxable","16":"shipping-taxable","17":"purchasable","18":"product-type-simple"},"_links":{"self":[{"href":"https:\/\/talenti.hr\/index.php?rest_route=\/wp\/v2\/product\/2714","targetHints":{"allow":["GET"]}}],"collection":[{"href":"https:\/\/talenti.hr\/index.php?rest_route=\/wp\/v2\/product"}],"about":[{"href":"https:\/\/talenti.hr\/index.php?rest_route=\/wp\/v2\/types\/product"}],"replies":[{"embeddable":true,"href":"https:\/\/talenti.hr\/index.php?rest_route=%2Fwp%2Fv2%2Fcomments&post=2714"}],"wp:featuredmedia":[{"embeddable":true,"href":"https:\/\/talenti.hr\/index.php?rest_route=\/wp\/v2\/media\/3379"}],"wp:attachment":[{"href":"https:\/\/talenti.hr\/index.php?rest_route=%2Fwp%2Fv2%2Fmedia&parent=2714"}],"wp:term":[{"taxonomy":"product_brand","embeddable":true,"href":"https:\/\/talenti.hr\/index.php?rest_route=%2Fwp%2Fv2%2Fproduct_brand&post=2714"},{"taxonomy":"product_cat","embeddable":true,"href":"https:\/\/talenti.hr\/index.php?rest_route=%2Fwp%2Fv2%2Fproduct_cat&post=2714"},{"taxonomy":"product_tag","embeddable":true,"href":"https:\/\/talenti.hr\/index.php?rest_route=%2Fwp%2Fv2%2Fproduct_tag&post=2714"}],"curies":[{"name":"wp","href":"https:\/\/api.w.org\/{rel}","templated":true}]}}