{"id":2717,"date":"2020-03-30T15:37:22","date_gmt":"2020-03-30T13:37:22","guid":{"rendered":"https:\/\/talenti.hr\/?post_type=product&#038;p=2717"},"modified":"2020-04-30T11:07:12","modified_gmt":"2020-04-30T09:07:12","slug":"pogo-stick-30-kg-sklopivi","status":"publish","type":"product","link":"https:\/\/talenti.hr\/?product=pogo-stick-30-kg-sklopivi","title":{"rendered":"Pogo Stick 30 kg &#8211;  sklopivi \u0161tap za skakanje"},"content":{"rendered":"<div id=\"product_description\">\n<p>Sklopivi Pogo Stick 30 namijenjen je djeci te\u017eine do 30 kg starijoj od 5 godina.<\/p>\n<p>Kada se slo\u017ei idealan je za transport ( 64-12,5-6,5 cm ).<\/p>\n<p>Ru\u010dke su oblo\u017eene spu\u017evom.<\/p>\n<p>Du\u017eina &#8211; 63 &#8211; 89 cm ( mo\u017ee se namije\u0161tati )<\/p>\n<ul>\n<li>Upozorenje:Artikal nije za djecu do 3 godine starosti.Maleni dijelovi su opasni,jer ih mogu udahnuti ili progutati.Prije upotrebe odstranite ambala\u017eu,a ove informacije spremite za kasniju upotrebu.<\/li>\n<\/ul>\n<\/div>\n","protected":false},"excerpt":{"rendered":"<ul>\n<li>Rok isporuke: 5 do 7 dana<\/li>\n<li>Proizvo\u0111a\u010d:Juggle Dream<\/li>\n<\/ul>\n<p> &#8230; <\/p>\n","protected":false},"featured_media":2719,"comment_status":"open","ping_status":"closed","template":"","meta":[],"product_brand":[],"product_cat":[178,238,176,168],"product_tag":[239,240],"class_list":{"0":"post-2717","1":"product","2":"type-product","3":"status-publish","4":"has-post-thumbnail","6":"product_cat-igre-na-otvorenom","7":"product_cat-pogo-stick","8":"product_cat-ravnoteza","9":"product_cat-sport","10":"product_tag-pogo","11":"product_tag-stick","13":"first","14":"instock","15":"taxable","16":"shipping-taxable","17":"purchasable","18":"product-type-simple"},"_links":{"self":[{"href":"https:\/\/talenti.hr\/index.php?rest_route=\/wp\/v2\/product\/2717","targetHints":{"allow":["GET"]}}],"collection":[{"href":"https:\/\/talenti.hr\/index.php?rest_route=\/wp\/v2\/product"}],"about":[{"href":"https:\/\/talenti.hr\/index.php?rest_route=\/wp\/v2\/types\/product"}],"replies":[{"embeddable":true,"href":"https:\/\/talenti.hr\/index.php?rest_route=%2Fwp%2Fv2%2Fcomments&post=2717"}],"wp:featuredmedia":[{"embeddable":true,"href":"https:\/\/talenti.hr\/index.php?rest_route=\/wp\/v2\/media\/2719"}],"wp:attachment":[{"href":"https:\/\/talenti.hr\/index.php?rest_route=%2Fwp%2Fv2%2Fmedia&parent=2717"}],"wp:term":[{"taxonomy":"product_brand","embeddable":true,"href":"https:\/\/talenti.hr\/index.php?rest_route=%2Fwp%2Fv2%2Fproduct_brand&post=2717"},{"taxonomy":"product_cat","embeddable":true,"href":"https:\/\/talenti.hr\/index.php?rest_route=%2Fwp%2Fv2%2Fproduct_cat&post=2717"},{"taxonomy":"product_tag","embeddable":true,"href":"https:\/\/talenti.hr\/index.php?rest_route=%2Fwp%2Fv2%2Fproduct_tag&post=2717"}],"curies":[{"name":"wp","href":"https:\/\/api.w.org\/{rel}","templated":true}]}}