{"id":2723,"date":"2020-03-30T15:40:25","date_gmt":"2020-03-30T13:40:25","guid":{"rendered":"https:\/\/talenti.hr\/?post_type=product&#038;p=2723"},"modified":"2020-04-21T17:10:51","modified_gmt":"2020-04-21T15:10:51","slug":"pogo-stick-tk8-air-pro","status":"publish","type":"product","link":"https:\/\/talenti.hr\/?product=pogo-stick-tk8-air-pro","title":{"rendered":"Pogo Stick TK8 Air Pro &#8211; \u0161tap za skakanje"},"content":{"rendered":"<p>Pogo Stick TK8 Air Pro specijalno je dizajniran za iskusne skaka\u010de.Izra\u0111en je od \u010dvrstih i laganih materijala,vrlo je fleksibilan,nosa\u010di nogu od aluminija su napravljeni tako da lako ispu\u0161taju zrak.<\/p>\n<p>Mogu ga koristiti odrasli i djeca iznad 15 godina i s preko 55 kg te\u017eine.<\/p>\n<p>Te\u017eina je 4,0 kg,a omogu\u0107uje skokove vi\u0161e i od 2,5 m.Preporu\u010deni pritisak zraka je izme\u0111u 3 i 7 bara.Po\u010dinje se sa manjim pritiskom i postepeno se pove\u0107ava.<\/p>\n<p>Kao i svi ostali Pogoi ovo je odli\u010dna sprava za trening,koriste ih i neki vrhunski sporta\u0161i,izgra\u0111uju se svi mi\u0161i\u0107i i pove\u0107ava kardiorespiratorni kapacitet.Potro\u0161nja kalorija je oko 400 kcal u 30 minuta aktivnog treninga.<\/p>\n<p>Upozorenje:sigurnost prije svega,uvijek nosi kacigu!Po\u010deti vrlo lagano i postepeno napredovati.Potrebna je dobra neskliska obu\u0107a,po\u017eeljna za\u0161tita zglobova.Ne ska\u010dite na neravnim,zauljenim ili pjeskovitim podlogama.Izbjegavajte povr\u0161ine gdje se kre\u0107u vozila ili ljudi.\u0160to su skokovi vi\u0161i treba paziti i na prepreke iznad glave.<\/p>\n<p>Pro\u010ditajte pa\u017eljivo ova upozorenja,jer zbog visokih skokova ovaj sport mo\u017ee biti rizi\u010dan i proizvo\u0111a\u010d ne preuzima ogovornost za povrede koje bi mogle nastati zbog nepa\u017eljive ili nepravilne upotrebe.<\/p>\n","protected":false},"excerpt":{"rendered":"<ul>\n<li>Boja: crna,bijela<\/li>\n<li>Rok isporuke: do 10 dana<\/li>\n<li>Proizvo\u0111a\u010d: TEK8ACTITUD SL<\/li>\n<p> &#8230; <\/p>\n","protected":false},"featured_media":3067,"comment_status":"open","ping_status":"closed","template":"","meta":[],"product_brand":[],"product_cat":[238,176,168],"product_tag":[239,240],"class_list":{"0":"post-2723","1":"product","2":"type-product","3":"status-publish","4":"has-post-thumbnail","6":"product_cat-pogo-stick","7":"product_cat-ravnoteza","8":"product_cat-sport","9":"product_tag-pogo","10":"product_tag-stick","12":"first","13":"instock","14":"taxable","15":"shipping-taxable","16":"purchasable","17":"product-type-simple"},"_links":{"self":[{"href":"https:\/\/talenti.hr\/index.php?rest_route=\/wp\/v2\/product\/2723","targetHints":{"allow":["GET"]}}],"collection":[{"href":"https:\/\/talenti.hr\/index.php?rest_route=\/wp\/v2\/product"}],"about":[{"href":"https:\/\/talenti.hr\/index.php?rest_route=\/wp\/v2\/types\/product"}],"replies":[{"embeddable":true,"href":"https:\/\/talenti.hr\/index.php?rest_route=%2Fwp%2Fv2%2Fcomments&post=2723"}],"wp:featuredmedia":[{"embeddable":true,"href":"https:\/\/talenti.hr\/index.php?rest_route=\/wp\/v2\/media\/3067"}],"wp:attachment":[{"href":"https:\/\/talenti.hr\/index.php?rest_route=%2Fwp%2Fv2%2Fmedia&parent=2723"}],"wp:term":[{"taxonomy":"product_brand","embeddable":true,"href":"https:\/\/talenti.hr\/index.php?rest_route=%2Fwp%2Fv2%2Fproduct_brand&post=2723"},{"taxonomy":"product_cat","embeddable":true,"href":"https:\/\/talenti.hr\/index.php?rest_route=%2Fwp%2Fv2%2Fproduct_cat&post=2723"},{"taxonomy":"product_tag","embeddable":true,"href":"https:\/\/talenti.hr\/index.php?rest_route=%2Fwp%2Fv2%2Fproduct_tag&post=2723"}],"curies":[{"name":"wp","href":"https:\/\/api.w.org\/{rel}","templated":true}]}}