{"id":2729,"date":"2020-03-30T15:42:49","date_gmt":"2020-03-30T13:42:49","guid":{"rendered":"https:\/\/talenti.hr\/?post_type=product&#038;p=2729"},"modified":"2020-03-30T15:42:50","modified_gmt":"2020-03-30T13:42:50","slug":"rola-bola-play-dodatak","status":"publish","type":"product","link":"https:\/\/talenti.hr\/?product=rola-bola-play-dodatak","title":{"rendered":"Rola Bola Play-dodatak"},"content":{"rendered":"<div id=\"product_description\">\n<p>Set za sastavljanje dodatnog\u00a0povi\u0161enja za Rola Bola Play sadr\u017ei dasku veli\u010dine 65 x 25 cm i 4 potporne ru\u010dke promjera 10 i visine 20 cm.Svaki dio seta mo\u017ee se kupiti pojedina\u010dno.<\/p>\n<\/div>\n","protected":false},"excerpt":{"rendered":"<ul>\n<li>Dostupnost:2 &#8211; 3 dana<\/li>\n<li>Model:R003<\/li>\n<li>Proizvo\u0111a\u010d:Play<\/li>\n<\/ul>\n<p> &#8230; <\/p>\n","protected":false},"featured_media":2731,"comment_status":"open","ping_status":"closed","template":"","meta":[],"product_brand":[],"product_cat":[176,168],"product_tag":[],"class_list":{"0":"post-2729","1":"product","2":"type-product","3":"status-publish","4":"has-post-thumbnail","6":"product_cat-ravnoteza","7":"product_cat-sport","9":"first","10":"instock","11":"taxable","12":"shipping-taxable","13":"purchasable","14":"product-type-simple"},"_links":{"self":[{"href":"https:\/\/talenti.hr\/index.php?rest_route=\/wp\/v2\/product\/2729","targetHints":{"allow":["GET"]}}],"collection":[{"href":"https:\/\/talenti.hr\/index.php?rest_route=\/wp\/v2\/product"}],"about":[{"href":"https:\/\/talenti.hr\/index.php?rest_route=\/wp\/v2\/types\/product"}],"replies":[{"embeddable":true,"href":"https:\/\/talenti.hr\/index.php?rest_route=%2Fwp%2Fv2%2Fcomments&post=2729"}],"wp:featuredmedia":[{"embeddable":true,"href":"https:\/\/talenti.hr\/index.php?rest_route=\/wp\/v2\/media\/2731"}],"wp:attachment":[{"href":"https:\/\/talenti.hr\/index.php?rest_route=%2Fwp%2Fv2%2Fmedia&parent=2729"}],"wp:term":[{"taxonomy":"product_brand","embeddable":true,"href":"https:\/\/talenti.hr\/index.php?rest_route=%2Fwp%2Fv2%2Fproduct_brand&post=2729"},{"taxonomy":"product_cat","embeddable":true,"href":"https:\/\/talenti.hr\/index.php?rest_route=%2Fwp%2Fv2%2Fproduct_cat&post=2729"},{"taxonomy":"product_tag","embeddable":true,"href":"https:\/\/talenti.hr\/index.php?rest_route=%2Fwp%2Fv2%2Fproduct_tag&post=2729"}],"curies":[{"name":"wp","href":"https:\/\/api.w.org\/{rel}","templated":true}]}}