{"id":2732,"date":"2020-03-30T15:44:11","date_gmt":"2020-03-30T13:44:11","guid":{"rendered":"https:\/\/talenti.hr\/?post_type=product&#038;p=2732"},"modified":"2020-04-29T13:24:47","modified_gmt":"2020-04-29T11:24:47","slug":"pedalo-basic","status":"publish","type":"product","link":"https:\/\/talenti.hr\/?product=pedalo-basic","title":{"rendered":"Pedalo Basic"},"content":{"rendered":"<p>Pedalo je proizvod koji nam omogu\u0107uje individualnu vje\u017ebu ravnote\u017ee.Vrlo je zabavan i koristan na\u010din vje\u017ebe za sve generacije.Omogu\u0107uje razvijanje ravnote\u017ee i pobolj\u0161ava koordinaciju nogu.Primjeren je i za upotrebu u dvoranama.<\/p>\n","protected":false},"excerpt":{"rendered":"<ul>\n<li>\u0160irina: 38 cm<\/li>\n<li>Promjer kota\u010da: 15,5 cm<\/li>\n<li>Nosivost: do 70 &#8230;<br \/>\n","protected":false},"featured_media":2734,"comment_status":"open","ping_status":"closed","template":"","meta":[],"product_brand":[],"product_cat":[176,168],"product_tag":[194,390],"class_list":{"0":"post-2732","1":"product","2":"type-product","3":"status-publish","4":"has-post-thumbnail","6":"product_cat-ravnoteza","7":"product_cat-sport","8":"product_tag-basic","9":"product_tag-pedalo","11":"first","12":"instock","13":"taxable","14":"shipping-taxable","15":"purchasable","16":"product-type-simple"},"_links":{"self":[{"href":"https:\/\/talenti.hr\/index.php?rest_route=\/wp\/v2\/product\/2732","targetHints":{"allow":["GET"]}}],"collection":[{"href":"https:\/\/talenti.hr\/index.php?rest_route=\/wp\/v2\/product"}],"about":[{"href":"https:\/\/talenti.hr\/index.php?rest_route=\/wp\/v2\/types\/product"}],"replies":[{"embeddable":true,"href":"https:\/\/talenti.hr\/index.php?rest_route=%2Fwp%2Fv2%2Fcomments&post=2732"}],"wp:featuredmedia":[{"embeddable":true,"href":"https:\/\/talenti.hr\/index.php?rest_route=\/wp\/v2\/media\/2734"}],"wp:attachment":[{"href":"https:\/\/talenti.hr\/index.php?rest_route=%2Fwp%2Fv2%2Fmedia&parent=2732"}],"wp:term":[{"taxonomy":"product_brand","embeddable":true,"href":"https:\/\/talenti.hr\/index.php?rest_route=%2Fwp%2Fv2%2Fproduct_brand&post=2732"},{"taxonomy":"product_cat","embeddable":true,"href":"https:\/\/talenti.hr\/index.php?rest_route=%2Fwp%2Fv2%2Fproduct_cat&post=2732"},{"taxonomy":"product_tag","embeddable":true,"href":"https:\/\/talenti.hr\/index.php?rest_route=%2Fwp%2Fv2%2Fproduct_tag&post=2732"}],"curies":[{"name":"wp","href":"https:\/\/api.w.org\/{rel}","templated":true}]}}