{"id":2738,"date":"2020-03-30T15:46:20","date_gmt":"2020-03-30T13:46:20","guid":{"rendered":"https:\/\/talenti.hr\/?post_type=product&#038;p=2738"},"modified":"2020-04-29T11:46:53","modified_gmt":"2020-04-29T09:46:53","slug":"stule-alu","status":"publish","type":"product","link":"https:\/\/talenti.hr\/?product=stule-alu","title":{"rendered":"\u0160tule ALU"},"content":{"rendered":"<p>\u0160tule ALU napravljene su od aluminija,lagane su i prakti\u010dne za upotrebu.Te\u017eina jedne je samo 750 g.<\/p>\n<p>Na dnu je montirana protuklizna guma,a ru\u010dke su oblo\u017eene spu\u017evom.Nosa\u010di stopala su nastavljivi po visini. Gornje ru\u010dke se mogu namjestiti do visine od 100-150 cm, a nosioci stopala do 27 cm<\/p>\n","protected":false},"excerpt":{"rendered":"<ul>\n<li>Rok isporuke: 7-10 dana<\/li>\n<li>Proizvo\u0111a\u010d:Juggle Dream<\/li>\n<\/ul>\n<p> &#8230; <\/p>\n","protected":false},"featured_media":2740,"comment_status":"open","ping_status":"closed","template":"","meta":[],"product_brand":[],"product_cat":[176,168],"product_tag":[224,388],"class_list":{"0":"post-2738","1":"product","2":"type-product","3":"status-publish","4":"has-post-thumbnail","6":"product_cat-ravnoteza","7":"product_cat-sport","8":"product_tag-alu","9":"product_tag-stule","11":"first","12":"instock","13":"taxable","14":"shipping-taxable","15":"purchasable","16":"product-type-simple"},"_links":{"self":[{"href":"https:\/\/talenti.hr\/index.php?rest_route=\/wp\/v2\/product\/2738","targetHints":{"allow":["GET"]}}],"collection":[{"href":"https:\/\/talenti.hr\/index.php?rest_route=\/wp\/v2\/product"}],"about":[{"href":"https:\/\/talenti.hr\/index.php?rest_route=\/wp\/v2\/types\/product"}],"replies":[{"embeddable":true,"href":"https:\/\/talenti.hr\/index.php?rest_route=%2Fwp%2Fv2%2Fcomments&post=2738"}],"wp:featuredmedia":[{"embeddable":true,"href":"https:\/\/talenti.hr\/index.php?rest_route=\/wp\/v2\/media\/2740"}],"wp:attachment":[{"href":"https:\/\/talenti.hr\/index.php?rest_route=%2Fwp%2Fv2%2Fmedia&parent=2738"}],"wp:term":[{"taxonomy":"product_brand","embeddable":true,"href":"https:\/\/talenti.hr\/index.php?rest_route=%2Fwp%2Fv2%2Fproduct_brand&post=2738"},{"taxonomy":"product_cat","embeddable":true,"href":"https:\/\/talenti.hr\/index.php?rest_route=%2Fwp%2Fv2%2Fproduct_cat&post=2738"},{"taxonomy":"product_tag","embeddable":true,"href":"https:\/\/talenti.hr\/index.php?rest_route=%2Fwp%2Fv2%2Fproduct_tag&post=2738"}],"curies":[{"name":"wp","href":"https:\/\/api.w.org\/{rel}","templated":true}]}}