{"id":2747,"date":"2020-03-30T15:49:40","date_gmt":"2020-03-30T13:49:40","guid":{"rendered":"https:\/\/talenti.hr\/?post_type=product&#038;p=2747"},"modified":"2020-05-02T13:19:08","modified_gmt":"2020-05-02T11:19:08","slug":"skejt-djecji-yollieboard-2","status":"publish","type":"product","link":"https:\/\/talenti.hr\/?product=skejt-djecji-yollieboard-2","title":{"rendered":"Yollieboard &#8211; dje\u010dji skejt"},"content":{"rendered":"<p>Predstavljamo vam najnoviji hit me\u0111u igra\u010dkama.Ovo je prvi skejt bez kota\u010da za najmla\u0111e ljubitelje toga sporta.Na siguran i zabavan na\u010din se nau\u010de osnove skejtanja,bordanja i surfanja.Uz malo ma\u0161te razvija ravnote\u017eu i motori\u010dku spretnost.Prilo\u017een je i DVD na engleskom jeziku sa 10 osnovnih trikova.Napravljen je u SAD!<\/p>\n","protected":false},"excerpt":{"rendered":"<ul>\n<li>Veli\u010dina: 15 x 55 x 5 cm<\/li>\n<li>Boje: crvena,\u017euta,plava,crna,ljubi\u010dasta<\/li>\n<li>Rok &#8230;<br \/>\n","protected":false},"featured_media":3429,"comment_status":"open","ping_status":"closed","template":"","meta":[],"product_brand":[],"product_cat":[178,183,176,180,168],"product_tag":[395,394,396],"class_list":{"0":"post-2747","1":"product","2":"type-product","3":"status-publish","4":"has-post-thumbnail","6":"product_cat-igre-na-otvorenom","7":"product_cat-igre-spretnosti","8":"product_cat-ravnoteza","9":"product_cat-razno","10":"product_cat-sport","11":"product_tag-djecji","12":"product_tag-skejt","13":"product_tag-yollieboard","15":"first","16":"instock","17":"taxable","18":"shipping-taxable","19":"purchasable","20":"product-type-simple"},"_links":{"self":[{"href":"https:\/\/talenti.hr\/index.php?rest_route=\/wp\/v2\/product\/2747","targetHints":{"allow":["GET"]}}],"collection":[{"href":"https:\/\/talenti.hr\/index.php?rest_route=\/wp\/v2\/product"}],"about":[{"href":"https:\/\/talenti.hr\/index.php?rest_route=\/wp\/v2\/types\/product"}],"replies":[{"embeddable":true,"href":"https:\/\/talenti.hr\/index.php?rest_route=%2Fwp%2Fv2%2Fcomments&post=2747"}],"wp:featuredmedia":[{"embeddable":true,"href":"https:\/\/talenti.hr\/index.php?rest_route=\/wp\/v2\/media\/3429"}],"wp:attachment":[{"href":"https:\/\/talenti.hr\/index.php?rest_route=%2Fwp%2Fv2%2Fmedia&parent=2747"}],"wp:term":[{"taxonomy":"product_brand","embeddable":true,"href":"https:\/\/talenti.hr\/index.php?rest_route=%2Fwp%2Fv2%2Fproduct_brand&post=2747"},{"taxonomy":"product_cat","embeddable":true,"href":"https:\/\/talenti.hr\/index.php?rest_route=%2Fwp%2Fv2%2Fproduct_cat&post=2747"},{"taxonomy":"product_tag","embeddable":true,"href":"https:\/\/talenti.hr\/index.php?rest_route=%2Fwp%2Fv2%2Fproduct_tag&post=2747"}],"curies":[{"name":"wp","href":"https:\/\/api.w.org\/{rel}","templated":true}]}}