{"id":2765,"date":"2020-03-30T16:05:50","date_gmt":"2020-03-30T14:05:50","guid":{"rendered":"https:\/\/talenti.hr\/?post_type=product&#038;p=2765"},"modified":"2020-03-30T16:05:50","modified_gmt":"2020-03-30T14:05:50","slug":"yoyo-viper-axys","status":"publish","type":"product","link":"https:\/\/talenti.hr\/?product=yoyo-viper-axys","title":{"rendered":"YoYo Viper (AXYS)"},"content":{"rendered":"<div id=\"product_description\">\n<p><strong>Te\u017eina: 51 g<br \/>\nPromjer: 66 mm<br \/>\nTo je novi model najuspje\u0161nijeg Henrysova yoyoa. U novi model je ugra\u0111ena posebna osovina, koja u odre\u0111enon trenutku dodaje brzinu. Namijenjen je za po\u010detnike i bolje poznavaoce yoyo trikova. Napravljen je iz vrlo izdr\u017eljive gume.<\/strong><\/p>\n<p>Upozorenje:artikal nije za djecu do 3 godine starosti,maleni dijelovi su opasni,jer ih mogu udahnuti ili progutati,Artikal ima duga\u010dku uzicu s kojom se dijete mo\u017ee ugu\u0161iti.Prije upotrebe odstraniti ambala\u017eu, a ove informacije spremite za kasniju upotrebu.<\/p>\n<\/div>\n","protected":false},"excerpt":{"rendered":"<ul>\n<li>Dostupnost:2 &#8211; 3 dana<\/li>\n<li>Model:YYV<\/li>\n<li>Proizvo\u0111a\u010d:Henyrs<\/li>\n<\/ul>\n<p> &#8230; <\/p>\n","protected":false},"featured_media":2767,"comment_status":"open","ping_status":"closed","template":"","meta":[],"product_brand":[],"product_cat":[168,177],"product_tag":[],"class_list":{"0":"post-2765","1":"product","2":"type-product","3":"status-publish","4":"has-post-thumbnail","6":"product_cat-sport","7":"product_cat-yo-yo","9":"first","10":"instock","11":"taxable","12":"shipping-taxable","13":"purchasable","14":"product-type-simple"},"_links":{"self":[{"href":"https:\/\/talenti.hr\/index.php?rest_route=\/wp\/v2\/product\/2765","targetHints":{"allow":["GET"]}}],"collection":[{"href":"https:\/\/talenti.hr\/index.php?rest_route=\/wp\/v2\/product"}],"about":[{"href":"https:\/\/talenti.hr\/index.php?rest_route=\/wp\/v2\/types\/product"}],"replies":[{"embeddable":true,"href":"https:\/\/talenti.hr\/index.php?rest_route=%2Fwp%2Fv2%2Fcomments&post=2765"}],"wp:featuredmedia":[{"embeddable":true,"href":"https:\/\/talenti.hr\/index.php?rest_route=\/wp\/v2\/media\/2767"}],"wp:attachment":[{"href":"https:\/\/talenti.hr\/index.php?rest_route=%2Fwp%2Fv2%2Fmedia&parent=2765"}],"wp:term":[{"taxonomy":"product_brand","embeddable":true,"href":"https:\/\/talenti.hr\/index.php?rest_route=%2Fwp%2Fv2%2Fproduct_brand&post=2765"},{"taxonomy":"product_cat","embeddable":true,"href":"https:\/\/talenti.hr\/index.php?rest_route=%2Fwp%2Fv2%2Fproduct_cat&post=2765"},{"taxonomy":"product_tag","embeddable":true,"href":"https:\/\/talenti.hr\/index.php?rest_route=%2Fwp%2Fv2%2Fproduct_tag&post=2765"}],"curies":[{"name":"wp","href":"https:\/\/api.w.org\/{rel}","templated":true}]}}