{"id":2768,"date":"2020-03-30T16:06:06","date_gmt":"2020-03-30T14:06:06","guid":{"rendered":"https:\/\/talenti.hr\/?post_type=product&#038;p=2768"},"modified":"2020-04-29T15:03:04","modified_gmt":"2020-04-29T13:03:04","slug":"yoyo-coloris","status":"publish","type":"product","link":"https:\/\/talenti.hr\/?product=yoyo-coloris","title":{"rendered":"YoYo Coloris"},"content":{"rendered":"<div id=\"product_description\">\n<p>YoYo Coloris je lijepog leptirastog oblika nalik svom prethodniku Triple Action samo u novim \u017eivim bojama.<\/p>\n<p>Omogu\u0107uje izbor izme\u0111u 3 funkcije: 1.Fiksna os za loopinge,\u00a0 2.Automatski povrat,\u0161to je odli\u010dno za po\u010detnike i 3.Prazni hod za izvo\u0111enje trikova uz povrat na trzaj<\/p>\n<p>Nije primjeren za djecu mla\u0111u od 3 godine.<\/p>\n<p>&nbsp;<\/p>\n<\/div>\n","protected":false},"excerpt":{"rendered":"<ul>\n<li>Boje: naran\u010dasta,zelena,\u017eutocrvena ( \u017eele ),panama zelena<\/li>\n<li>Rok isporuke: 5-7 dana<\/li>\n<p> &#8230; <\/p>\n","protected":false},"featured_media":3386,"comment_status":"open","ping_status":"closed","template":"","meta":[],"product_brand":[],"product_cat":[168,177],"product_tag":[406,402],"class_list":{"0":"post-2768","1":"product","2":"type-product","3":"status-publish","4":"has-post-thumbnail","6":"product_cat-sport","7":"product_cat-yo-yo","8":"product_tag-coloris","9":"product_tag-yoyo","11":"first","12":"instock","13":"taxable","14":"shipping-taxable","15":"purchasable","16":"product-type-simple"},"_links":{"self":[{"href":"https:\/\/talenti.hr\/index.php?rest_route=\/wp\/v2\/product\/2768","targetHints":{"allow":["GET"]}}],"collection":[{"href":"https:\/\/talenti.hr\/index.php?rest_route=\/wp\/v2\/product"}],"about":[{"href":"https:\/\/talenti.hr\/index.php?rest_route=\/wp\/v2\/types\/product"}],"replies":[{"embeddable":true,"href":"https:\/\/talenti.hr\/index.php?rest_route=%2Fwp%2Fv2%2Fcomments&post=2768"}],"wp:featuredmedia":[{"embeddable":true,"href":"https:\/\/talenti.hr\/index.php?rest_route=\/wp\/v2\/media\/3386"}],"wp:attachment":[{"href":"https:\/\/talenti.hr\/index.php?rest_route=%2Fwp%2Fv2%2Fmedia&parent=2768"}],"wp:term":[{"taxonomy":"product_brand","embeddable":true,"href":"https:\/\/talenti.hr\/index.php?rest_route=%2Fwp%2Fv2%2Fproduct_brand&post=2768"},{"taxonomy":"product_cat","embeddable":true,"href":"https:\/\/talenti.hr\/index.php?rest_route=%2Fwp%2Fv2%2Fproduct_cat&post=2768"},{"taxonomy":"product_tag","embeddable":true,"href":"https:\/\/talenti.hr\/index.php?rest_route=%2Fwp%2Fv2%2Fproduct_tag&post=2768"}],"curies":[{"name":"wp","href":"https:\/\/api.w.org\/{rel}","templated":true}]}}