{"id":2772,"date":"2020-03-30T16:08:32","date_gmt":"2020-03-30T14:08:32","guid":{"rendered":"https:\/\/talenti.hr\/?post_type=product&#038;p=2772"},"modified":"2020-03-30T16:09:29","modified_gmt":"2020-03-30T14:09:29","slug":"yoyo-spinstar-led","status":"publish","type":"product","link":"https:\/\/talenti.hr\/?product=yoyo-spinstar-led","title":{"rendered":"YoYo SpinStar LED"},"content":{"rendered":"<div id=\"product_description\">\n<div id=\"product_description\">\n<p>Solidan,pristupa\u010dan YoYo sa LED svijetlima.Ima mogu\u0107nost povrata,odli\u010dan je za sve po\u010detnike,omogu\u0107uje duga\u010dku vrtnju.Ima 2 baterije.<\/p>\n<p>https:\/\/yoyofactory-europe.com\/<\/p>\n<\/div>\n<\/div>\n","protected":false},"excerpt":{"rendered":"<ul>\n<li>Dostupnost:2 &#8211; 3 dana<\/li>\n<li>Model:YO-577<\/li>\n<li>Proizvo\u0111a\u010d:Yoyofactory Europe<\/li>\n<\/ul>\n<p> &#8230; <\/p>\n","protected":false},"featured_media":2773,"comment_status":"open","ping_status":"closed","template":"","meta":[],"product_brand":[],"product_cat":[168,177],"product_tag":[],"class_list":{"0":"post-2772","1":"product","2":"type-product","3":"status-publish","4":"has-post-thumbnail","6":"product_cat-sport","7":"product_cat-yo-yo","9":"first","10":"instock","11":"taxable","12":"shipping-taxable","13":"purchasable","14":"product-type-simple"},"_links":{"self":[{"href":"https:\/\/talenti.hr\/index.php?rest_route=\/wp\/v2\/product\/2772","targetHints":{"allow":["GET"]}}],"collection":[{"href":"https:\/\/talenti.hr\/index.php?rest_route=\/wp\/v2\/product"}],"about":[{"href":"https:\/\/talenti.hr\/index.php?rest_route=\/wp\/v2\/types\/product"}],"replies":[{"embeddable":true,"href":"https:\/\/talenti.hr\/index.php?rest_route=%2Fwp%2Fv2%2Fcomments&post=2772"}],"wp:featuredmedia":[{"embeddable":true,"href":"https:\/\/talenti.hr\/index.php?rest_route=\/wp\/v2\/media\/2773"}],"wp:attachment":[{"href":"https:\/\/talenti.hr\/index.php?rest_route=%2Fwp%2Fv2%2Fmedia&parent=2772"}],"wp:term":[{"taxonomy":"product_brand","embeddable":true,"href":"https:\/\/talenti.hr\/index.php?rest_route=%2Fwp%2Fv2%2Fproduct_brand&post=2772"},{"taxonomy":"product_cat","embeddable":true,"href":"https:\/\/talenti.hr\/index.php?rest_route=%2Fwp%2Fv2%2Fproduct_cat&post=2772"},{"taxonomy":"product_tag","embeddable":true,"href":"https:\/\/talenti.hr\/index.php?rest_route=%2Fwp%2Fv2%2Fproduct_tag&post=2772"}],"curies":[{"name":"wp","href":"https:\/\/api.w.org\/{rel}","templated":true}]}}