{"id":2774,"date":"2020-03-30T16:09:32","date_gmt":"2020-03-30T14:09:32","guid":{"rendered":"https:\/\/talenti.hr\/?post_type=product&#038;p=2774"},"modified":"2020-05-11T14:00:55","modified_gmt":"2020-05-11T12:00:55","slug":"yoyo-al-2000","status":"publish","type":"product","link":"https:\/\/talenti.hr\/?product=yoyo-al-2000","title":{"rendered":"YoYo AL-2000"},"content":{"rendered":"<div id=\"product_description\">\n<div id=\"product_description\">\n<div id=\"product_description\">\n<p><strong><br \/>\n<\/strong>Aluminijski YoYo namijenjen je isklju\u010divo dobrim poznavaocima. Lako se mjeri s najboljim yoyoima na svijetu. U kutijici je prilo\u017eena dodatna drvena os. Knji\u017eica s uputama i dvije rezervne niti. Popularan je me\u0111u kolekcionarima, jer se svake godine proizvode u ograni\u010denoj koli\u010dini.<\/p>\n<p>Upozorenje:artikal nije za djecu do 3 godine starosti,maleni dijelovi su opasni,jer ih mogu udahnuti ili progutati,Artikal ima duga\u010dku uzicu s kojom se dijete mo\u017ee ugu\u0161iti.Prije upotrebe odstraniti ambala\u017eu, a ove informacije spremite za kasniju upotrebu.<\/p>\n<\/div>\n<\/div>\n<\/div>\n","protected":false},"excerpt":{"rendered":"<ul>\n<li>Te\u017eina: 150 g<\/li>\n<li>Promjer: 70 mm<\/li>\n<li>Rok isporuke: 5-7 dana<\/li>\n<p> &#8230; <\/p>\n","protected":false},"featured_media":2775,"comment_status":"open","ping_status":"closed","template":"","meta":[],"product_brand":[],"product_cat":[168,177],"product_tag":[606,281,402],"class_list":{"0":"post-2774","1":"product","2":"type-product","3":"status-publish","4":"has-post-thumbnail","6":"product_cat-sport","7":"product_cat-yo-yo","8":"product_tag-al","9":"product_tag-play","10":"product_tag-yoyo","12":"first","13":"instock","14":"taxable","15":"shipping-taxable","16":"purchasable","17":"product-type-simple"},"_links":{"self":[{"href":"https:\/\/talenti.hr\/index.php?rest_route=\/wp\/v2\/product\/2774","targetHints":{"allow":["GET"]}}],"collection":[{"href":"https:\/\/talenti.hr\/index.php?rest_route=\/wp\/v2\/product"}],"about":[{"href":"https:\/\/talenti.hr\/index.php?rest_route=\/wp\/v2\/types\/product"}],"replies":[{"embeddable":true,"href":"https:\/\/talenti.hr\/index.php?rest_route=%2Fwp%2Fv2%2Fcomments&post=2774"}],"wp:featuredmedia":[{"embeddable":true,"href":"https:\/\/talenti.hr\/index.php?rest_route=\/wp\/v2\/media\/2775"}],"wp:attachment":[{"href":"https:\/\/talenti.hr\/index.php?rest_route=%2Fwp%2Fv2%2Fmedia&parent=2774"}],"wp:term":[{"taxonomy":"product_brand","embeddable":true,"href":"https:\/\/talenti.hr\/index.php?rest_route=%2Fwp%2Fv2%2Fproduct_brand&post=2774"},{"taxonomy":"product_cat","embeddable":true,"href":"https:\/\/talenti.hr\/index.php?rest_route=%2Fwp%2Fv2%2Fproduct_cat&post=2774"},{"taxonomy":"product_tag","embeddable":true,"href":"https:\/\/talenti.hr\/index.php?rest_route=%2Fwp%2Fv2%2Fproduct_tag&post=2774"}],"curies":[{"name":"wp","href":"https:\/\/api.w.org\/{rel}","templated":true}]}}