{"id":2776,"date":"2020-03-30T16:10:58","date_gmt":"2020-03-30T14:10:58","guid":{"rendered":"https:\/\/talenti.hr\/?post_type=product&#038;p=2776"},"modified":"2020-03-30T16:12:22","modified_gmt":"2020-03-30T14:12:22","slug":"yoyo-cobra","status":"publish","type":"product","link":"https:\/\/talenti.hr\/?product=yoyo-cobra","title":{"rendered":"YoYo Cobra"},"content":{"rendered":"<div id=\"product_description\">\n<div id=\"product_description\">\n<p><strong>Te\u017eina: 46 g<br \/>\nPromjer: 66 mm<br \/>\nIzvanredno lagan i velik Henrysov YoYo opremljen s novom osovinom Axys koja mu dodaje brzinu. Napravljen je iz plastike u raznim kombinacijama boja. Pogodan je za po\u010detnike i poznavaoce.<\/strong><\/p>\n<p>Upozorenje:artikal nije za djecu do 3 godine starosti,maleni dijelovi su opasni,jer ih mogu udahnuti ili progutati,Artikal ima duga\u010dku uzicu s kojom se dijete mo\u017ee ugu\u0161iti.Prije upotrebe odstraniti ambala\u017eu, a ove informacije spremite za kasniju upotrebu.<\/p>\n<\/div>\n<\/div>\n","protected":false},"excerpt":{"rendered":"<ul>\n<li>Dostupnost:2 &#8211; 3 dana<\/li>\n<li>Model:YYC<\/li>\n<li>Proizvo\u0111a\u010d:Henyrs<\/li>\n<\/ul>\n<p> &#8230; <\/p>\n","protected":false},"featured_media":2777,"comment_status":"open","ping_status":"closed","template":"","meta":[],"product_brand":[],"product_cat":[168,177],"product_tag":[],"class_list":{"0":"post-2776","1":"product","2":"type-product","3":"status-publish","4":"has-post-thumbnail","6":"product_cat-sport","7":"product_cat-yo-yo","9":"first","10":"instock","11":"taxable","12":"shipping-taxable","13":"purchasable","14":"product-type-simple"},"_links":{"self":[{"href":"https:\/\/talenti.hr\/index.php?rest_route=\/wp\/v2\/product\/2776","targetHints":{"allow":["GET"]}}],"collection":[{"href":"https:\/\/talenti.hr\/index.php?rest_route=\/wp\/v2\/product"}],"about":[{"href":"https:\/\/talenti.hr\/index.php?rest_route=\/wp\/v2\/types\/product"}],"replies":[{"embeddable":true,"href":"https:\/\/talenti.hr\/index.php?rest_route=%2Fwp%2Fv2%2Fcomments&post=2776"}],"wp:featuredmedia":[{"embeddable":true,"href":"https:\/\/talenti.hr\/index.php?rest_route=\/wp\/v2\/media\/2777"}],"wp:attachment":[{"href":"https:\/\/talenti.hr\/index.php?rest_route=%2Fwp%2Fv2%2Fmedia&parent=2776"}],"wp:term":[{"taxonomy":"product_brand","embeddable":true,"href":"https:\/\/talenti.hr\/index.php?rest_route=%2Fwp%2Fv2%2Fproduct_brand&post=2776"},{"taxonomy":"product_cat","embeddable":true,"href":"https:\/\/talenti.hr\/index.php?rest_route=%2Fwp%2Fv2%2Fproduct_cat&post=2776"},{"taxonomy":"product_tag","embeddable":true,"href":"https:\/\/talenti.hr\/index.php?rest_route=%2Fwp%2Fv2%2Fproduct_tag&post=2776"}],"curies":[{"name":"wp","href":"https:\/\/api.w.org\/{rel}","templated":true}]}}