{"id":2780,"date":"2020-03-30T16:13:39","date_gmt":"2020-03-30T14:13:39","guid":{"rendered":"https:\/\/talenti.hr\/?post_type=product&#038;p=2780"},"modified":"2020-04-29T15:12:03","modified_gmt":"2020-04-29T13:12:03","slug":"yoyo-flex-gap","status":"publish","type":"product","link":"https:\/\/talenti.hr\/?product=yoyo-flex-gap","title":{"rendered":"YoYo Flex Gap"},"content":{"rendered":"<div id=\"product_description\">\n<div id=\"product_description\">\n<p>YoYo verzija za poznavaoce. Opremljen je s le\u017eajevima i mekanim gumenim stranicama. Slo\u017een mehanizam omogu\u0107uje da se stranice odmaknu jedna od druge, \u0161to omogu\u0107uje izvedbu najzahtjevnijih &#8220;Freestyle&#8221; i &#8220;Offstring&#8221; trikova.<\/p>\n<p>Upozorenje:artikal nije za djecu do 3 godine starosti,maleni dijelovi su opasni,jer ih mogu udahnuti ili progutati,Artikal ima duga\u010dku uzicu s kojom se dijete mo\u017ee ugu\u0161iti.Prije upotrebe odstraniti ambala\u017eu, a ove informacije spremite za kasniju upotrebu.<\/p>\n<\/div>\n<\/div>\n","protected":false},"excerpt":{"rendered":"<ul>\n<li>Boje; crveno-crna,plavo-\u017euta<\/li>\n<li>Proizvo\u0111a\u010d:Active People<\/li>\n<\/ul>\n<p> &nbsp; &#8230; <\/p>\n","protected":false},"featured_media":2781,"comment_status":"open","ping_status":"closed","template":"","meta":[],"product_brand":[],"product_cat":[168,177],"product_tag":[407,408,402],"class_list":{"0":"post-2780","1":"product","2":"type-product","3":"status-publish","4":"has-post-thumbnail","6":"product_cat-sport","7":"product_cat-yo-yo","8":"product_tag-flex","9":"product_tag-gap","10":"product_tag-yoyo","12":"first","13":"instock","14":"taxable","15":"shipping-taxable","16":"purchasable","17":"product-type-simple"},"_links":{"self":[{"href":"https:\/\/talenti.hr\/index.php?rest_route=\/wp\/v2\/product\/2780","targetHints":{"allow":["GET"]}}],"collection":[{"href":"https:\/\/talenti.hr\/index.php?rest_route=\/wp\/v2\/product"}],"about":[{"href":"https:\/\/talenti.hr\/index.php?rest_route=\/wp\/v2\/types\/product"}],"replies":[{"embeddable":true,"href":"https:\/\/talenti.hr\/index.php?rest_route=%2Fwp%2Fv2%2Fcomments&post=2780"}],"wp:featuredmedia":[{"embeddable":true,"href":"https:\/\/talenti.hr\/index.php?rest_route=\/wp\/v2\/media\/2781"}],"wp:attachment":[{"href":"https:\/\/talenti.hr\/index.php?rest_route=%2Fwp%2Fv2%2Fmedia&parent=2780"}],"wp:term":[{"taxonomy":"product_brand","embeddable":true,"href":"https:\/\/talenti.hr\/index.php?rest_route=%2Fwp%2Fv2%2Fproduct_brand&post=2780"},{"taxonomy":"product_cat","embeddable":true,"href":"https:\/\/talenti.hr\/index.php?rest_route=%2Fwp%2Fv2%2Fproduct_cat&post=2780"},{"taxonomy":"product_tag","embeddable":true,"href":"https:\/\/talenti.hr\/index.php?rest_route=%2Fwp%2Fv2%2Fproduct_tag&post=2780"}],"curies":[{"name":"wp","href":"https:\/\/api.w.org\/{rel}","templated":true}]}}