{"id":2784,"date":"2020-03-30T16:15:54","date_gmt":"2020-03-30T14:15:54","guid":{"rendered":"https:\/\/talenti.hr\/?post_type=product&#038;p=2784"},"modified":"2020-03-30T16:16:50","modified_gmt":"2020-03-30T14:16:50","slug":"yoyo-infinity-katana","status":"publish","type":"product","link":"https:\/\/talenti.hr\/?product=yoyo-infinity-katana","title":{"rendered":"YoYo Infinity Katana"},"content":{"rendered":"<div id=\"product_description\">\n<div id=\"product_description\">\n<p>Te\u017eina-60 g<\/p>\n<p>Promjer-51 mm<\/p>\n<p>\u0160irina-38 mm<\/p>\n<p>Katana je te\u017ei metalni YoYo sa \u0161irokom konkavnom osovinom koji se ne vra\u0107a sam automatski pa je primjeren za iskusne igra\u010de.<\/p>\n<p><a class=\"ytp-share-panel-link ytp-no-contextmenu\" href=\"https:\/\/youtu.be\/oYkv743mLSo\" target=\"_blank\" rel=\"noopener noreferrer\">https:\/\/youtu.be\/oYkv743mLSo<\/a><\/p>\n<p>Upozorenje:artikal nije za djecu do 3 godine starosti,maleni dijelovi su opasni,jer ih mogu udahnuti ili progutati,Artikal ima duga\u010dku uzicu s kojom se dijete mo\u017ee ugu\u0161iti.Prije upotrebe odstraniti ambala\u017eu, a ove informacije spremite za kasniju upotrebu.<\/p>\n<\/div>\n<\/div>\n","protected":false},"excerpt":{"rendered":"<ul>\n<li>Dostupnost:2 &#8211; 3 dana<\/li>\n<li>Model:YYIK<\/li>\n<li>Proizvo\u0111a\u010d:Juggle Dream<\/li>\n<\/ul>\n<p> &#8230; <\/p>\n","protected":false},"featured_media":2785,"comment_status":"open","ping_status":"closed","template":"","meta":[],"product_brand":[],"product_cat":[168,177],"product_tag":[],"class_list":{"0":"post-2784","1":"product","2":"type-product","3":"status-publish","4":"has-post-thumbnail","6":"product_cat-sport","7":"product_cat-yo-yo","9":"first","10":"instock","11":"taxable","12":"shipping-taxable","13":"purchasable","14":"product-type-simple"},"_links":{"self":[{"href":"https:\/\/talenti.hr\/index.php?rest_route=\/wp\/v2\/product\/2784","targetHints":{"allow":["GET"]}}],"collection":[{"href":"https:\/\/talenti.hr\/index.php?rest_route=\/wp\/v2\/product"}],"about":[{"href":"https:\/\/talenti.hr\/index.php?rest_route=\/wp\/v2\/types\/product"}],"replies":[{"embeddable":true,"href":"https:\/\/talenti.hr\/index.php?rest_route=%2Fwp%2Fv2%2Fcomments&post=2784"}],"wp:featuredmedia":[{"embeddable":true,"href":"https:\/\/talenti.hr\/index.php?rest_route=\/wp\/v2\/media\/2785"}],"wp:attachment":[{"href":"https:\/\/talenti.hr\/index.php?rest_route=%2Fwp%2Fv2%2Fmedia&parent=2784"}],"wp:term":[{"taxonomy":"product_brand","embeddable":true,"href":"https:\/\/talenti.hr\/index.php?rest_route=%2Fwp%2Fv2%2Fproduct_brand&post=2784"},{"taxonomy":"product_cat","embeddable":true,"href":"https:\/\/talenti.hr\/index.php?rest_route=%2Fwp%2Fv2%2Fproduct_cat&post=2784"},{"taxonomy":"product_tag","embeddable":true,"href":"https:\/\/talenti.hr\/index.php?rest_route=%2Fwp%2Fv2%2Fproduct_tag&post=2784"}],"curies":[{"name":"wp","href":"https:\/\/api.w.org\/{rel}","templated":true}]}}