{"id":2788,"date":"2020-03-30T16:18:02","date_gmt":"2020-03-30T14:18:02","guid":{"rendered":"https:\/\/talenti.hr\/?post_type=product&#038;p=2788"},"modified":"2020-03-30T16:18:47","modified_gmt":"2020-03-30T14:18:47","slug":"yoyo-m2","status":"publish","type":"product","link":"https:\/\/talenti.hr\/?product=yoyo-m2","title":{"rendered":"YoYo M2"},"content":{"rendered":"<div id=\"product_description\">\n<p><strong>Promjer: 55 mm<\/strong><\/p>\n<p><strong>\u0160irina: 42 mm<\/strong><\/p>\n<p><strong>Te\u017eina: 65 g<\/strong><\/p>\n<p><strong>Ovo je pravi\u00a0 &#8220;profi &#8221; aluminijski YoYo.Kugli\u010dni le\u017eajevi za dugo vrtenje ne trebaju dodatno ulje.<\/strong><\/p>\n<p><strong>Njegov poseban oblik leptira i \u0161irina omogu\u0107uju izvedbu najzahtjevnijih trikova.<\/strong><\/p>\n<p><strong>To je YoYo s kojim \u0107e biti zadovoljni i pravi YoYo\u00a0 &#8220;frikovi &#8220;.<\/strong><\/p>\n<p>Upozorenje:artikal nije za djecu do 3 godine starosti,maleni dijelovi su opasni,jer ih mogu udahnuti ili progutati,Artikal ima duga\u010dku uzicu s kojom se dijete mo\u017ee ugu\u0161iti.Prije upotrebe odstraniti ambala\u017eu, a ove informacije spremite za kasniju upotrebu.<\/p>\n<\/div>\n","protected":false},"excerpt":{"rendered":"<ul>\n<li>Dostupnost:2 &#8211; 3 dana<\/li>\n<li>Model:YYM2<\/li>\n<li>Proizvo\u0111a\u010d:Henyrs<\/li>\n<\/ul>\n<p> &#8230; <\/p>\n","protected":false},"featured_media":2789,"comment_status":"open","ping_status":"closed","template":"","meta":[],"product_brand":[],"product_cat":[168,177],"product_tag":[],"class_list":{"0":"post-2788","1":"product","2":"type-product","3":"status-publish","4":"has-post-thumbnail","6":"product_cat-sport","7":"product_cat-yo-yo","9":"first","10":"instock","11":"taxable","12":"shipping-taxable","13":"purchasable","14":"product-type-simple"},"_links":{"self":[{"href":"https:\/\/talenti.hr\/index.php?rest_route=\/wp\/v2\/product\/2788","targetHints":{"allow":["GET"]}}],"collection":[{"href":"https:\/\/talenti.hr\/index.php?rest_route=\/wp\/v2\/product"}],"about":[{"href":"https:\/\/talenti.hr\/index.php?rest_route=\/wp\/v2\/types\/product"}],"replies":[{"embeddable":true,"href":"https:\/\/talenti.hr\/index.php?rest_route=%2Fwp%2Fv2%2Fcomments&post=2788"}],"wp:featuredmedia":[{"embeddable":true,"href":"https:\/\/talenti.hr\/index.php?rest_route=\/wp\/v2\/media\/2789"}],"wp:attachment":[{"href":"https:\/\/talenti.hr\/index.php?rest_route=%2Fwp%2Fv2%2Fmedia&parent=2788"}],"wp:term":[{"taxonomy":"product_brand","embeddable":true,"href":"https:\/\/talenti.hr\/index.php?rest_route=%2Fwp%2Fv2%2Fproduct_brand&post=2788"},{"taxonomy":"product_cat","embeddable":true,"href":"https:\/\/talenti.hr\/index.php?rest_route=%2Fwp%2Fv2%2Fproduct_cat&post=2788"},{"taxonomy":"product_tag","embeddable":true,"href":"https:\/\/talenti.hr\/index.php?rest_route=%2Fwp%2Fv2%2Fproduct_tag&post=2788"}],"curies":[{"name":"wp","href":"https:\/\/api.w.org\/{rel}","templated":true}]}}