{"id":2793,"date":"2020-03-30T16:19:50","date_gmt":"2020-03-30T14:19:50","guid":{"rendered":"https:\/\/talenti.hr\/?post_type=product&#038;p=2793"},"modified":"2020-04-29T14:40:44","modified_gmt":"2020-04-29T12:40:44","slug":"yoyo-python","status":"publish","type":"product","link":"https:\/\/talenti.hr\/?product=yoyo-python","title":{"rendered":"YoYo Python"},"content":{"rendered":"<div id=\"product_description\">\n<p><strong>Promjer: 61 mm<\/strong><\/p>\n<p><strong>\u0160irina: 42 mm<\/strong><\/p>\n<p><strong>Te\u017eina: 67 g<\/strong><\/p>\n<p>Yoyo Python je to\u010dno ono \u0161to dana\u0161nji profesionalni yoyo\u00a0korisnik tra\u017ei i treba.Kao \u0161to se slikovito izrazio jedan od prvih korisnika\u00a0na poznatom yoyo forumu &#8221; kad sam prvi put isprobao YoYo Python oblile su me suze sre\u0107e &#8220;.Odmah se osjeti optimalan raspored te\u017eine.Omogu\u0107uje izuzetno dinami\u010dno rukovanje,izuzetan je za &#8221; string trikove&#8221;, &#8221; free hand &#8220;, &#8221; trostruki A &#8221; i &#8221; off-string trikove &#8220;.<\/p>\n<p>Ukratko Python pru\u017ea yoyo zabavu bez granica.<\/p>\n<p>Upozorenje:artikal nije za djecu do 3 godine starosti,maleni dijelovi su opasni,jer ih mogu udahnuti ili progutati,Artikal ima duga\u010dku uzicu s kojom se dijete mo\u017ee ugu\u0161iti.Prije upotrebe odstraniti ambala\u017eu, a ove informacije spremite za kasniju upotrebu.<\/p>\n<\/div>\n","protected":false},"excerpt":{"rendered":"<ul>\n<li>Dostupnost:2 &#8211; 3 dana<\/li>\n<li>Model:YYP<\/li>\n<li>Proizvo\u0111a\u010d:Henyrs<\/li>\n<\/ul>\n<p> &#8230; <\/p>\n","protected":false},"featured_media":2794,"comment_status":"open","ping_status":"closed","template":"","meta":[],"product_brand":[],"product_cat":[168,177],"product_tag":[],"class_list":{"0":"post-2793","1":"product","2":"type-product","3":"status-publish","4":"has-post-thumbnail","6":"product_cat-sport","7":"product_cat-yo-yo","9":"first","10":"instock","11":"taxable","12":"shipping-taxable","13":"purchasable","14":"product-type-simple"},"_links":{"self":[{"href":"https:\/\/talenti.hr\/index.php?rest_route=\/wp\/v2\/product\/2793","targetHints":{"allow":["GET"]}}],"collection":[{"href":"https:\/\/talenti.hr\/index.php?rest_route=\/wp\/v2\/product"}],"about":[{"href":"https:\/\/talenti.hr\/index.php?rest_route=\/wp\/v2\/types\/product"}],"replies":[{"embeddable":true,"href":"https:\/\/talenti.hr\/index.php?rest_route=%2Fwp%2Fv2%2Fcomments&post=2793"}],"wp:featuredmedia":[{"embeddable":true,"href":"https:\/\/talenti.hr\/index.php?rest_route=\/wp\/v2\/media\/2794"}],"wp:attachment":[{"href":"https:\/\/talenti.hr\/index.php?rest_route=%2Fwp%2Fv2%2Fmedia&parent=2793"}],"wp:term":[{"taxonomy":"product_brand","embeddable":true,"href":"https:\/\/talenti.hr\/index.php?rest_route=%2Fwp%2Fv2%2Fproduct_brand&post=2793"},{"taxonomy":"product_cat","embeddable":true,"href":"https:\/\/talenti.hr\/index.php?rest_route=%2Fwp%2Fv2%2Fproduct_cat&post=2793"},{"taxonomy":"product_tag","embeddable":true,"href":"https:\/\/talenti.hr\/index.php?rest_route=%2Fwp%2Fv2%2Fproduct_tag&post=2793"}],"curies":[{"name":"wp","href":"https:\/\/api.w.org\/{rel}","templated":true}]}}