{"id":2838,"date":"2020-03-30T16:46:48","date_gmt":"2020-03-30T14:46:48","guid":{"rendered":"https:\/\/talenti.hr\/?post_type=product&#038;p=2838"},"modified":"2020-03-30T16:47:27","modified_gmt":"2020-03-30T14:47:27","slug":"misaona-igra-okovana-kugla","status":"publish","type":"product","link":"https:\/\/talenti.hr\/?product=misaona-igra-okovana-kugla","title":{"rendered":"Misaona igra-Okovana kugla"},"content":{"rendered":"<div class=\"s_tab_box\">\n<div id=\"product_description\" class=\"ui-tabs-panel ui-widget-content ui-corner-bottom\">\n<div id=\"product_description\" class=\"ui-tabs-panel ui-widget-content ui-corner-bottom\">\n<div class=\"s_tab_box\">\n<div id=\"product_description\" class=\"ui-tabs-panel ui-widget-content ui-corner-bottom\">\n<div id=\"product_description\" class=\"ui-tabs-panel ui-widget-content ui-corner-bottom\">\n<div class=\"s_tab_box\">\n<div id=\"product_description\" class=\"ui-tabs-panel ui-widget-content ui-corner-bottom\">\n<div id=\"product_description\" class=\"ui-tabs-panel ui-widget-content ui-corner-bottom\">\n<div id=\"product_description\">\n<p>Veli\u010dina : cca 8 cm<\/p>\n<p>Slo\u017eenost ( od 1-5 ) :\u00a02 zvjezdica<\/p>\n<p>Materijal : Bambus<\/p>\n<p>Misaona igra njema\u010dke\u00a0robne marke Fridolin poznate su po odli\u010dnoj kvaliteti i atraktivnoj ambala\u017ei.Prilo\u017eeno je i rje\u0161enje koje mo\u017eete ukloniti,ako je namijenjena kao poklon.<\/p>\n<\/div>\n<\/div>\n<\/div>\n<\/div>\n<\/div>\n<\/div>\n<\/div>\n<\/div>\n<\/div>\n<\/div>\n","protected":false},"excerpt":{"rendered":"<ul>\n<li>Dostupnost:2 &#8211; 3 dana<\/li>\n<li>Model:MIOKU<\/li>\n<li>Proizvo\u0111a\u010d:Fridolin<\/li>\n<\/ul>\n<p> &#8230; <\/p>\n","protected":false},"featured_media":2839,"comment_status":"open","ping_status":"closed","template":"","meta":[],"product_brand":[],"product_cat":[185,180],"product_tag":[],"class_list":{"0":"post-2838","1":"product","2":"type-product","3":"status-publish","4":"has-post-thumbnail","6":"product_cat-misaone-igre","7":"product_cat-razno","9":"first","10":"instock","11":"taxable","12":"shipping-taxable","13":"purchasable","14":"product-type-simple"},"_links":{"self":[{"href":"https:\/\/talenti.hr\/index.php?rest_route=\/wp\/v2\/product\/2838","targetHints":{"allow":["GET"]}}],"collection":[{"href":"https:\/\/talenti.hr\/index.php?rest_route=\/wp\/v2\/product"}],"about":[{"href":"https:\/\/talenti.hr\/index.php?rest_route=\/wp\/v2\/types\/product"}],"replies":[{"embeddable":true,"href":"https:\/\/talenti.hr\/index.php?rest_route=%2Fwp%2Fv2%2Fcomments&post=2838"}],"wp:featuredmedia":[{"embeddable":true,"href":"https:\/\/talenti.hr\/index.php?rest_route=\/wp\/v2\/media\/2839"}],"wp:attachment":[{"href":"https:\/\/talenti.hr\/index.php?rest_route=%2Fwp%2Fv2%2Fmedia&parent=2838"}],"wp:term":[{"taxonomy":"product_brand","embeddable":true,"href":"https:\/\/talenti.hr\/index.php?rest_route=%2Fwp%2Fv2%2Fproduct_brand&post=2838"},{"taxonomy":"product_cat","embeddable":true,"href":"https:\/\/talenti.hr\/index.php?rest_route=%2Fwp%2Fv2%2Fproduct_cat&post=2838"},{"taxonomy":"product_tag","embeddable":true,"href":"https:\/\/talenti.hr\/index.php?rest_route=%2Fwp%2Fv2%2Fproduct_tag&post=2838"}],"curies":[{"name":"wp","href":"https:\/\/api.w.org\/{rel}","templated":true}]}}