{"id":2865,"date":"2020-03-30T17:05:33","date_gmt":"2020-03-30T15:05:33","guid":{"rendered":"https:\/\/talenti.hr\/?post_type=product&#038;p=2865"},"modified":"2020-05-05T19:02:11","modified_gmt":"2020-05-05T17:02:11","slug":"kocka-v-cube-3-pravokutna","status":"publish","type":"product","link":"https:\/\/talenti.hr\/?product=kocka-v-cube-3-pravokutna","title":{"rendered":"Kocke V-Cubes 3 pravokutne"},"content":{"rendered":"<p>Kocke V-Cubes 3x3x3 su prvi stupanj za u\u010denje osnovnih algoritama misaonih kocki.Elementi za njihovo rje\u0161avanje se pojavljuju i u svim ve\u0107im kockama.<br \/>\nNemojte misliti da su prejednostavne.Unato\u010d tome \u0161to su naizgled jednostavne potrebno je uklju\u010diti mo\u017edane vijuge.<br \/>\nJedinstvenog su oblika sa zaobljenim rubovima.<\/p>\n<p>POZOR:artikl nije za djecu do 3 godine starosti.Maleni dijelovi su opasni,jer ih mogu udahnuti i progutati i postoji opasnost gu\u0161enja.Prije nego \u0161to djetetu damo ovaj proizvod odstranimo ambala\u017eu.Detalji i boje se u unutra\u0161njosti mogu razlikovati.Spremite ove informacije za kasniju upotrebu.<\/p>\n","protected":false},"excerpt":{"rendered":"<ul>\n<li>Osnovne boje: crna i bijela<\/li>\n<li>Rok isporuke: 5-7 dana<\/li>\n<li>Proizvo\u0111a\u010d: &#8230;<br \/>\n","protected":false},"featured_media":3603,"comment_status":"open","ping_status":"closed","template":"","meta":[],"product_brand":[],"product_cat":[186,180],"product_tag":[502,504,503],"class_list":{"0":"post-2865","1":"product","2":"type-product","3":"status-publish","4":"has-post-thumbnail","6":"product_cat-kocke-v-cubes","7":"product_cat-razno","8":"product_tag-kocke","9":"product_tag-pravokutne","10":"product_tag-v-cubes","12":"first","13":"instock","14":"taxable","15":"shipping-taxable","16":"purchasable","17":"product-type-simple"},"_links":{"self":[{"href":"https:\/\/talenti.hr\/index.php?rest_route=\/wp\/v2\/product\/2865","targetHints":{"allow":["GET"]}}],"collection":[{"href":"https:\/\/talenti.hr\/index.php?rest_route=\/wp\/v2\/product"}],"about":[{"href":"https:\/\/talenti.hr\/index.php?rest_route=\/wp\/v2\/types\/product"}],"replies":[{"embeddable":true,"href":"https:\/\/talenti.hr\/index.php?rest_route=%2Fwp%2Fv2%2Fcomments&post=2865"}],"wp:featuredmedia":[{"embeddable":true,"href":"https:\/\/talenti.hr\/index.php?rest_route=\/wp\/v2\/media\/3603"}],"wp:attachment":[{"href":"https:\/\/talenti.hr\/index.php?rest_route=%2Fwp%2Fv2%2Fmedia&parent=2865"}],"wp:term":[{"taxonomy":"product_brand","embeddable":true,"href":"https:\/\/talenti.hr\/index.php?rest_route=%2Fwp%2Fv2%2Fproduct_brand&post=2865"},{"taxonomy":"product_cat","embeddable":true,"href":"https:\/\/talenti.hr\/index.php?rest_route=%2Fwp%2Fv2%2Fproduct_cat&post=2865"},{"taxonomy":"product_tag","embeddable":true,"href":"https:\/\/talenti.hr\/index.php?rest_route=%2Fwp%2Fv2%2Fproduct_tag&post=2865"}],"curies":[{"name":"wp","href":"https:\/\/api.w.org\/{rel}","templated":true}]}}