{"id":2869,"date":"2020-03-30T17:10:13","date_gmt":"2020-03-30T15:10:13","guid":{"rendered":"https:\/\/talenti.hr\/?post_type=product&#038;p=2869"},"modified":"2020-05-05T18:56:08","modified_gmt":"2020-05-05T16:56:08","slug":"kocka-v-cube-6-zaobljena","status":"publish","type":"product","link":"https:\/\/talenti.hr\/?product=kocka-v-cube-6-zaobljena","title":{"rendered":"Kocke V-Cubes 6 zaobljene"},"content":{"rendered":"<div id=\"product_description\">\n<div id=\"product_description\">\n<p>Kocke V-Cubes 6x6x6 vrlo su okretne,okre\u0107u se glatko, a unutra\u0161nji mehanizam sprije\u010dava ispadanje dijelova.<\/p>\n<p>POZOR:artikl nije za djecu do 3 godine starosti.Maleni dijelovi su opasni,jer ih mogu udahnuti i progutati i postoji opasnost gu\u0161enja.Prije nego \u0161to djetetu damo ovaj proizvod odstranimo ambala\u017eu.Detalji i boje se u unutra\u0161njosti mogu razlikovati.Spremite ove informacije za kasniju upotrebu.<\/p>\n<\/div>\n<\/div>\n","protected":false},"excerpt":{"rendered":"<ul>\n<li>Osnovne boje: crna i bijela<\/li>\n<li>Rok isporuke: 5-7 dana<\/li>\n<li>Proizvo\u0111a\u010d: &#8230;<br \/>\n","protected":false},"featured_media":3643,"comment_status":"open","ping_status":"closed","template":"","meta":[],"product_brand":[],"product_cat":[186,180],"product_tag":[502,503,505],"class_list":{"0":"post-2869","1":"product","2":"type-product","3":"status-publish","4":"has-post-thumbnail","6":"product_cat-kocke-v-cubes","7":"product_cat-razno","8":"product_tag-kocke","9":"product_tag-v-cubes","10":"product_tag-zaobljene","12":"first","13":"instock","14":"taxable","15":"shipping-taxable","16":"purchasable","17":"product-type-simple"},"_links":{"self":[{"href":"https:\/\/talenti.hr\/index.php?rest_route=\/wp\/v2\/product\/2869","targetHints":{"allow":["GET"]}}],"collection":[{"href":"https:\/\/talenti.hr\/index.php?rest_route=\/wp\/v2\/product"}],"about":[{"href":"https:\/\/talenti.hr\/index.php?rest_route=\/wp\/v2\/types\/product"}],"replies":[{"embeddable":true,"href":"https:\/\/talenti.hr\/index.php?rest_route=%2Fwp%2Fv2%2Fcomments&post=2869"}],"wp:featuredmedia":[{"embeddable":true,"href":"https:\/\/talenti.hr\/index.php?rest_route=\/wp\/v2\/media\/3643"}],"wp:attachment":[{"href":"https:\/\/talenti.hr\/index.php?rest_route=%2Fwp%2Fv2%2Fmedia&parent=2869"}],"wp:term":[{"taxonomy":"product_brand","embeddable":true,"href":"https:\/\/talenti.hr\/index.php?rest_route=%2Fwp%2Fv2%2Fproduct_brand&post=2869"},{"taxonomy":"product_cat","embeddable":true,"href":"https:\/\/talenti.hr\/index.php?rest_route=%2Fwp%2Fv2%2Fproduct_cat&post=2869"},{"taxonomy":"product_tag","embeddable":true,"href":"https:\/\/talenti.hr\/index.php?rest_route=%2Fwp%2Fv2%2Fproduct_tag&post=2869"}],"curies":[{"name":"wp","href":"https:\/\/api.w.org\/{rel}","templated":true}]}}