{"id":2875,"date":"2020-03-30T17:13:03","date_gmt":"2020-03-30T15:13:03","guid":{"rendered":"https:\/\/talenti.hr\/?post_type=product&#038;p=2875"},"modified":"2020-05-05T18:50:48","modified_gmt":"2020-05-05T16:50:48","slug":"kocka-v-cube-8-zaobljena","status":"publish","type":"product","link":"https:\/\/talenti.hr\/?product=kocka-v-cube-8-zaobljena","title":{"rendered":"Kocke V-Cubes 8 zaobljene"},"content":{"rendered":"<div id=\"product_description\">\n<div id=\"product_description\">\n<p>Ovo su jedne od najve\u0107ih i najboljih kompleksnih zaobljenih kocki na tr\u017ei\u0161tu.Sastavljene su od 8 slojeva i 324 dijela.<\/p>\n<p>POZOR:artikl nije za djecu do 3 godine starosti.Maleni dijelovi su opasni,jer ih mogu udahnuti i progutati i postoji opasnost gu\u0161enja.Prije nego \u0161to djetetu damo ovaj proizvod odstranimo ambala\u017eu.Detalji i boje se u unutra\u0161njosti mogu razlikovati.Spremite ove informacije za kasniju upotrebu.<\/p>\n<\/div>\n<\/div>\n","protected":false},"excerpt":{"rendered":"<ul>\n<li>Osnovna boja: crna<\/li>\n<li>Rok isporuke: 5-7 dana<\/li>\n<li>Proizvo\u0111a\u010d: V-Cubes<\/li>\n<\/ul>\n<p> &#8230; <\/p>\n","protected":false},"featured_media":3647,"comment_status":"open","ping_status":"closed","template":"","meta":[],"product_brand":[],"product_cat":[186,180],"product_tag":[502,503,505],"class_list":{"0":"post-2875","1":"product","2":"type-product","3":"status-publish","4":"has-post-thumbnail","6":"product_cat-kocke-v-cubes","7":"product_cat-razno","8":"product_tag-kocke","9":"product_tag-v-cubes","10":"product_tag-zaobljene","12":"first","13":"instock","14":"taxable","15":"shipping-taxable","16":"purchasable","17":"product-type-simple"},"_links":{"self":[{"href":"https:\/\/talenti.hr\/index.php?rest_route=\/wp\/v2\/product\/2875","targetHints":{"allow":["GET"]}}],"collection":[{"href":"https:\/\/talenti.hr\/index.php?rest_route=\/wp\/v2\/product"}],"about":[{"href":"https:\/\/talenti.hr\/index.php?rest_route=\/wp\/v2\/types\/product"}],"replies":[{"embeddable":true,"href":"https:\/\/talenti.hr\/index.php?rest_route=%2Fwp%2Fv2%2Fcomments&post=2875"}],"wp:featuredmedia":[{"embeddable":true,"href":"https:\/\/talenti.hr\/index.php?rest_route=\/wp\/v2\/media\/3647"}],"wp:attachment":[{"href":"https:\/\/talenti.hr\/index.php?rest_route=%2Fwp%2Fv2%2Fmedia&parent=2875"}],"wp:term":[{"taxonomy":"product_brand","embeddable":true,"href":"https:\/\/talenti.hr\/index.php?rest_route=%2Fwp%2Fv2%2Fproduct_brand&post=2875"},{"taxonomy":"product_cat","embeddable":true,"href":"https:\/\/talenti.hr\/index.php?rest_route=%2Fwp%2Fv2%2Fproduct_cat&post=2875"},{"taxonomy":"product_tag","embeddable":true,"href":"https:\/\/talenti.hr\/index.php?rest_route=%2Fwp%2Fv2%2Fproduct_tag&post=2875"}],"curies":[{"name":"wp","href":"https:\/\/api.w.org\/{rel}","templated":true}]}}