{"id":2966,"date":"2020-04-17T15:22:30","date_gmt":"2020-04-17T13:22:30","guid":{"rendered":"https:\/\/talenti.hr\/?post_type=product&#038;p=2966"},"modified":"2020-04-23T13:15:19","modified_gmt":"2020-04-23T11:15:19","slug":"loptice-sil-x","status":"publish","type":"product","link":"https:\/\/talenti.hr\/?product=loptice-sil-x","title":{"rendered":"Loptice Sil-X"},"content":{"rendered":"<p>Loptice Sil-X su jedne od najboljih profesionalnih loptica.Odli\u010dne su za klasi\u010dno i kontaktno \u017eongliranje,naro\u010dito u veli\u010dini 100 mm.Punjene su teku\u0107im silikonom \u0161to im daje dodatnu te\u017einu i stabilnost,pa se doslovno lijepe za tijelo.<\/p>\n<p>&nbsp;<\/p>\n<p>&nbsp;<\/p>\n","protected":false},"excerpt":{"rendered":"<ul>\n<li>Cijena za 1 komad!<\/li>\n<li>Te\u017eina: 110 g<\/li>\n<li>Promjer: 67 mm<\/li>\n<p> &#8230; <\/p>\n","protected":false},"featured_media":2968,"comment_status":"open","ping_status":"closed","template":"","meta":[],"product_brand":[],"product_cat":[150,154,149],"product_tag":[195,201],"class_list":{"0":"post-2966","1":"product","2":"type-product","3":"status-publish","4":"has-post-thumbnail","6":"product_cat-beanbags-loptice","7":"product_cat-kontaktno-zongliranje","8":"product_cat-zongliranje","9":"product_tag-loptice","10":"product_tag-sil-x","12":"first","13":"instock","14":"taxable","15":"shipping-taxable","16":"purchasable","17":"product-type-simple"},"_links":{"self":[{"href":"https:\/\/talenti.hr\/index.php?rest_route=\/wp\/v2\/product\/2966","targetHints":{"allow":["GET"]}}],"collection":[{"href":"https:\/\/talenti.hr\/index.php?rest_route=\/wp\/v2\/product"}],"about":[{"href":"https:\/\/talenti.hr\/index.php?rest_route=\/wp\/v2\/types\/product"}],"replies":[{"embeddable":true,"href":"https:\/\/talenti.hr\/index.php?rest_route=%2Fwp%2Fv2%2Fcomments&post=2966"}],"wp:featuredmedia":[{"embeddable":true,"href":"https:\/\/talenti.hr\/index.php?rest_route=\/wp\/v2\/media\/2968"}],"wp:attachment":[{"href":"https:\/\/talenti.hr\/index.php?rest_route=%2Fwp%2Fv2%2Fmedia&parent=2966"}],"wp:term":[{"taxonomy":"product_brand","embeddable":true,"href":"https:\/\/talenti.hr\/index.php?rest_route=%2Fwp%2Fv2%2Fproduct_brand&post=2966"},{"taxonomy":"product_cat","embeddable":true,"href":"https:\/\/talenti.hr\/index.php?rest_route=%2Fwp%2Fv2%2Fproduct_cat&post=2966"},{"taxonomy":"product_tag","embeddable":true,"href":"https:\/\/talenti.hr\/index.php?rest_route=%2Fwp%2Fv2%2Fproduct_tag&post=2966"}],"curies":[{"name":"wp","href":"https:\/\/api.w.org\/{rel}","templated":true}]}}