{"id":2971,"date":"2020-04-17T18:00:39","date_gmt":"2020-04-17T16:00:39","guid":{"rendered":"https:\/\/talenti.hr\/?post_type=product&#038;p=2971"},"modified":"2020-04-21T18:00:23","modified_gmt":"2020-04-21T16:00:23","slug":"loptice-g-force-bouncing-60","status":"publish","type":"product","link":"https:\/\/talenti.hr\/?product=loptice-g-force-bouncing-60","title":{"rendered":"Loptice G Force Bouncing 60"},"content":{"rendered":"<p>Loptice G Force Bouncing 60 su alternativa odbijaju\u0107im silkonskim lopticama,ali zna\u010dajno povoljnije cijene.One su vi\u0161e gumaste,ali mo\u0107 odbijanja je otprilike ista oko 90%.<\/p>\n<p>Primjerene su za po\u010detnike i iskusne \u017eonglere koji to rade s 5 i vi\u0161e loptica.<\/p>\n","protected":false},"excerpt":{"rendered":"<ul>\n<li>Cijena za 1 komad!<\/li>\n<li>Te\u017eina: 140 g<\/li>\n<li>Promjer: 60 mm<\/li>\n<p> &#8230; <\/p>\n","protected":false},"featured_media":2973,"comment_status":"open","ping_status":"closed","template":"","meta":[],"product_brand":[],"product_cat":[150,149],"product_tag":[205,209,195],"class_list":{"0":"post-2971","1":"product","2":"type-product","3":"status-publish","4":"has-post-thumbnail","6":"product_cat-beanbags-loptice","7":"product_cat-zongliranje","8":"product_tag-bouncing","9":"product_tag-g-force","10":"product_tag-loptice","12":"first","13":"instock","14":"taxable","15":"shipping-taxable","16":"purchasable","17":"product-type-simple"},"_links":{"self":[{"href":"https:\/\/talenti.hr\/index.php?rest_route=\/wp\/v2\/product\/2971","targetHints":{"allow":["GET"]}}],"collection":[{"href":"https:\/\/talenti.hr\/index.php?rest_route=\/wp\/v2\/product"}],"about":[{"href":"https:\/\/talenti.hr\/index.php?rest_route=\/wp\/v2\/types\/product"}],"replies":[{"embeddable":true,"href":"https:\/\/talenti.hr\/index.php?rest_route=%2Fwp%2Fv2%2Fcomments&post=2971"}],"wp:featuredmedia":[{"embeddable":true,"href":"https:\/\/talenti.hr\/index.php?rest_route=\/wp\/v2\/media\/2973"}],"wp:attachment":[{"href":"https:\/\/talenti.hr\/index.php?rest_route=%2Fwp%2Fv2%2Fmedia&parent=2971"}],"wp:term":[{"taxonomy":"product_brand","embeddable":true,"href":"https:\/\/talenti.hr\/index.php?rest_route=%2Fwp%2Fv2%2Fproduct_brand&post=2971"},{"taxonomy":"product_cat","embeddable":true,"href":"https:\/\/talenti.hr\/index.php?rest_route=%2Fwp%2Fv2%2Fproduct_cat&post=2971"},{"taxonomy":"product_tag","embeddable":true,"href":"https:\/\/talenti.hr\/index.php?rest_route=%2Fwp%2Fv2%2Fproduct_tag&post=2971"}],"curies":[{"name":"wp","href":"https:\/\/api.w.org\/{rel}","templated":true}]}}