{"id":2977,"date":"2020-04-17T18:58:12","date_gmt":"2020-04-17T16:58:12","guid":{"rendered":"https:\/\/talenti.hr\/?post_type=product&#038;p=2977"},"modified":"2020-04-25T18:01:43","modified_gmt":"2020-04-25T16:01:43","slug":"2977","status":"publish","type":"product","link":"https:\/\/talenti.hr\/?product=2977","title":{"rendered":"Loptice Going LED"},"content":{"rendered":"<p>Loptice Going LED mogu se koristiti u potpunom mraku,ali i po danu.Presvu\u010dene su gumastom nekli\u017eu\u0107om navlakom.Omogu\u0107uju 3 razli\u010dite funkcije svjetlosnih efekata izmjenom\u00a0 7 boja (bijela,crvena,ljubi\u010dasta,naran\u010dasta,\u017euta,plava,zelena ) :<\/p>\n<p>1.fiksna boja<br \/>\n2.polagana izmjena boja,<br \/>\n3. brza izmjena boja<\/p>\n<p>Baterije su prilo\u017eene i uklju\u010dene u cijenu ( 3 x 1,5 V AAA ).<\/p>\n","protected":false},"excerpt":{"rendered":"<ul>\n<li>Cijena za 1 komad!!<\/li>\n<li>Te\u017eina: 110 g<\/li>\n<li>Promjer: 70 mm<\/li>\n<p> &#8230; <\/p>\n","protected":false},"featured_media":2982,"comment_status":"open","ping_status":"closed","template":"","meta":[],"product_brand":[],"product_cat":[150,158,149],"product_tag":[207,208,195],"class_list":{"0":"post-2977","1":"product","2":"type-product","3":"status-publish","4":"has-post-thumbnail","6":"product_cat-beanbags-loptice","7":"product_cat-moon-i-led-rekviziti","8":"product_cat-zongliranje","9":"product_tag-going","10":"product_tag-led","11":"product_tag-loptice","13":"first","14":"instock","15":"taxable","16":"shipping-taxable","17":"purchasable","18":"product-type-simple"},"_links":{"self":[{"href":"https:\/\/talenti.hr\/index.php?rest_route=\/wp\/v2\/product\/2977","targetHints":{"allow":["GET"]}}],"collection":[{"href":"https:\/\/talenti.hr\/index.php?rest_route=\/wp\/v2\/product"}],"about":[{"href":"https:\/\/talenti.hr\/index.php?rest_route=\/wp\/v2\/types\/product"}],"replies":[{"embeddable":true,"href":"https:\/\/talenti.hr\/index.php?rest_route=%2Fwp%2Fv2%2Fcomments&post=2977"}],"wp:featuredmedia":[{"embeddable":true,"href":"https:\/\/talenti.hr\/index.php?rest_route=\/wp\/v2\/media\/2982"}],"wp:attachment":[{"href":"https:\/\/talenti.hr\/index.php?rest_route=%2Fwp%2Fv2%2Fmedia&parent=2977"}],"wp:term":[{"taxonomy":"product_brand","embeddable":true,"href":"https:\/\/talenti.hr\/index.php?rest_route=%2Fwp%2Fv2%2Fproduct_brand&post=2977"},{"taxonomy":"product_cat","embeddable":true,"href":"https:\/\/talenti.hr\/index.php?rest_route=%2Fwp%2Fv2%2Fproduct_cat&post=2977"},{"taxonomy":"product_tag","embeddable":true,"href":"https:\/\/talenti.hr\/index.php?rest_route=%2Fwp%2Fv2%2Fproduct_tag&post=2977"}],"curies":[{"name":"wp","href":"https:\/\/api.w.org\/{rel}","templated":true}]}}